{"id":835,"date":"2023-08-01T14:25:36","date_gmt":"2023-08-01T14:25:36","guid":{"rendered":"https:\/\/nprc-swfl.com\/?page_id=835"},"modified":"2024-09-13T18:50:40","modified_gmt":"2024-09-13T18:50:40","slug":"mark-brody-m-d","status":"publish","type":"page","link":"https:\/\/nprc-swfl.com\/es\/about\/our-team\/mark-brody-m-d\/","title":{"rendered":"Mark Brody, MD, CPI"},"content":{"rendered":"<div data-elementor-type=\"wp-page\" data-elementor-id=\"835\" class=\"elementor elementor-835\" data-elementor-post-type=\"page\">\n\t\t\t\t\t\t<section class=\"elementor-section elementor-top-section elementor-element elementor-element-08df00b elementor-section-boxed elementor-section-height-default elementor-section-height-default\" data-id=\"08df00b\" data-element_type=\"section\" data-e-type=\"section\">\n\t\t\t\t\t\t<div class=\"elementor-container elementor-column-gap-wider\">\n\t\t\t\t\t<div class=\"elementor-column elementor-col-33 elementor-top-column elementor-element elementor-element-1a3caaf\" data-id=\"1a3caaf\" data-element_type=\"column\" data-e-type=\"column\">\n\t\t\t<div class=\"elementor-widget-wrap elementor-element-populated\">\n\t\t\t\t\t\t<div class=\"elementor-element elementor-element-a7f46d6 elementor-widget elementor-widget-image\" data-id=\"a7f46d6\" data-element_type=\"widget\" data-e-type=\"widget\" data-widget_type=\"image.default\">\n\t\t\t\t\t\t\t\t\t\t\t\t<figure class=\"wp-caption\">\n\t\t\t\t\t\t\t\t\t\t<img fetchpriority=\"high\" decoding=\"async\" width=\"768\" height=\"1024\" src=\"https:\/\/nprc-swfl.com\/wp-content\/uploads\/2023\/08\/MicrosoftTeams-image-4.jpg\" class=\"attachment-medium_large size-medium_large wp-image-833\" alt=\"\" srcset=\"https:\/\/nprc-swfl.com\/wp-content\/uploads\/2023\/08\/MicrosoftTeams-image-4.jpg 768w, https:\/\/nprc-swfl.com\/wp-content\/uploads\/2023\/08\/MicrosoftTeams-image-4-225x300.jpg 225w\" sizes=\"(max-width: 768px) 100vw, 768px\" \/>\t\t\t\t\t\t\t\t\t\t\t<figcaption class=\"widget-image-caption wp-caption-text\">Mark Brody, MD, CPI<\/figcaption>\n\t\t\t\t\t\t\t\t\t\t<\/figure>\n\t\t\t\t\t\t\t\t\t<\/div>\n\t\t\t\t\t<\/div>\n\t\t<\/div>\n\t\t\t\t<div class=\"elementor-column elementor-col-66 elementor-top-column elementor-element elementor-element-854a387\" data-id=\"854a387\" data-element_type=\"column\" data-e-type=\"column\">\n\t\t\t<div class=\"elementor-widget-wrap elementor-element-populated\">\n\t\t\t\t\t\t<div class=\"elementor-element elementor-element-c8b9f88 elementor-widget elementor-widget-heading\" data-id=\"c8b9f88\" data-element_type=\"widget\" data-e-type=\"widget\" data-widget_type=\"heading.default\">\n\t\t\t\t\t<h2 class=\"elementor-heading-title elementor-size-xl\">Mark Brody, MD, CPI<br>\nL\u00edder terap\u00e9utico cl\u00ednico\n<\/h2>\t\t\t\t<\/div>\n\t\t\t\t<div class=\"elementor-element elementor-element-ddae710 elementor-widget elementor-widget-text-editor\" data-id=\"ddae710\" data-element_type=\"widget\" data-e-type=\"widget\" data-widget_type=\"text-editor.default\">\n\t\t\t\t\t\t\t\t\t<p>El Dr. Brody es el Director de Terapia Cl\u00ednica de Neurolog\u00eda en Evolution Research Group (ERG) y supervisa la formaci\u00f3n y los aspectos cl\u00ednicos en los centros de ensayos cl\u00ednicos de Neurolog\u00eda. El Dr. Brody es un L\u00edder de Opini\u00f3n Clave en su campo y est\u00e1 certificado por la Junta Americana de Psiquiatr\u00eda y Neurolog\u00eda. Cuenta con m\u00e1s de 30 a\u00f1os de experiencia especializ\u00e1ndose en demencia y enfermedad de Alzheimer, y es reconocido a nivel nacional como experto en ensayos cl\u00ednicos sobre la enfermedad de Alzheimer y otros problemas de memoria.<\/p><p>Como ex profesor de Neurolog\u00eda en la Universidad de California, San Diego, y Director del Programa de Accidentes Cerebrovasculares en Scripps, La Jolla, finalmente se mud\u00f3 al condado de Palm Beach en 1995. Fue el director fundador del Programa de Accidentes Cerebrovasculares Intervencionistas Agudos en el Bethesda Memorial Hospital, donde \u00e9l y su equipo llevaron a cabo ensayos cl\u00ednicos de accidentes cerebrovasculares agudos que buscaban optimizar el &quot;tiempo de tratamiento&quot; y los resultados para las v\u00edctimas de accidentes cerebrovasculares.<\/p><p>El Dr. Brody es autor de\u00a0<a class=\"fui-Link ___1eya986 f3rmtva f1ewtqcl fyind8e f1k6fduh f1w7gpdv fk6fouc fjoy568 figsok6 f1hu3pq6 f11qmguv f19f4twv f1tyq0we f1g0x7ka fhxju0i f1qch9an f1cnd47f fqv5qza f1vmzxwi f1o700av f13mvf36 f1cmlufx f9n3di6 f1ids18y f1tx3yz7 f1deo86v f1eh06m1 f1iescvh fhgqx19 f1olyrje f1p93eir f1nev41a f1h8hb77 f1x7u7e9 f10aw75t fsle3fq f17ae5zn\" title=\"https:\/\/brainmattersresearch.com\/wp-content\/uploads\/2021\/04\/pdf-of-brodys-book.pdf\" href=\"https:\/\/brainmattersresearch.com\/wp-content\/uploads\/2021\/04\/PDF-of-BRODYs-BOOK.pdf\" target=\"_blank\" rel=\"noreferrer noopener\" aria-label=\"Link Brain Matters: La prevenci\u00f3n del Alzheimer, el envejecimiento y los accidentes cerebrovasculares\"><strong>Asuntos Cerebrales \u2013 La Prevenci\u00f3n del Alzheimer, el Envejecimiento y los Accidentes Cerebrovasculares<\/strong><\/a>Apareci\u00f3 con el Dr. Oz en 2013, presentando las tendencias y oportunidades de investigaci\u00f3n actuales en la prevenci\u00f3n del Alzheimer. Actualmente trabaja en su pr\u00f3ximo proyecto: una perspectiva humor\u00edstica, pero informativa, sobre el proceso de envejecimiento, con la participaci\u00f3n de expertos locales que hablan sobre temas y tendencias actuales.<\/p>\t\t\t\t\t\t\t\t<\/div>\n\t\t\t\t\t<\/div>\n\t\t<\/div>\n\t\t\t\t\t<\/div>\n\t\t<\/section>\n\t\t\t\t<\/div>","protected":false},"excerpt":{"rendered":"<p>Mark Brody, MD, CPI, Director de Terapia Cl\u00ednica. El Dr. Brody es el Director de Terapia Cl\u00ednica de Neurolog\u00eda en Evolution Research Group (ERG), y supervisa la formaci\u00f3n y los aspectos cl\u00ednicos en los centros de ensayos cl\u00ednicos de neurolog\u00eda. El Dr. Brody es un L\u00edder de Opini\u00f3n Clave en su campo y est\u00e1 certificado por la Junta Americana de Psiquiatr\u00eda y Neurolog\u00eda. <\/p>\n<p class=\"read-more-container\"><a title=\"Mark Brody, MD, CPI\" class=\"read-more button\" href=\"https:\/\/nprc-swfl.com\/es\/about\/our-team\/mark-brody-m-d\/#more-835\" aria-label=\"Leer m\u00e1s sobre Mark Brody, MD, CPI\">Leer m\u00e1s<\/a><\/p>","protected":false},"author":14,"featured_media":0,"parent":17,"menu_order":0,"comment_status":"closed","ping_status":"closed","template":"","meta":{"footnotes":""},"class_list":["post-835","page","type-page","status-publish"],"yoast_head":"<!-- This site is optimized with the Yoast SEO plugin v27.4 - https:\/\/yoast.com\/product\/yoast-seo-wordpress\/ -->\n<title>Mark Brody, M.D., C.P.I. - Neuropsychiatric Research Center of Southwest Florida<\/title>\n<meta name=\"robots\" content=\"index, follow, max-snippet:-1, max-image-preview:large, max-video-preview:-1\" \/>\n<link rel=\"canonical\" href=\"https:\/\/nprc-swfl.com\/es\/about\/our-team\/mark-brody-m-d\/\" \/>\n<meta property=\"og:locale\" content=\"es_MX\" \/>\n<meta property=\"og:type\" content=\"article\" \/>\n<meta property=\"og:title\" content=\"Mark Brody, M.D., C.P.I. - Neuropsychiatric Research Center of Southwest Florida\" \/>\n<meta property=\"og:description\" content=\"Mark Brody, M.D., C.P.I. Clinical Therapeutic Lead Dr. Brody is the Clinical Therapeutic Lead for Neurology at Evolution Research Group (ERG) overseeing the training and clinical aspects at the Neurology clinical trial sites. Dr. Brody is a Key Opinion Leader in his field and is Board Certified by the American Board of Psychiatry and Neurology.\u00a0 ... Read more\" \/>\n<meta property=\"og:url\" content=\"https:\/\/nprc-swfl.com\/es\/about\/our-team\/mark-brody-m-d\/\" \/>\n<meta property=\"og:site_name\" content=\"Neuropsychiatric Research Center of Southwest Florida\" \/>\n<meta property=\"article:modified_time\" content=\"2024-09-13T18:50:40+00:00\" \/>\n<meta property=\"og:image\" content=\"https:\/\/nprc-swfl.com\/wp-content\/uploads\/2023\/08\/MicrosoftTeams-image-4.jpg\" \/>\n<meta name=\"twitter:card\" content=\"summary_large_image\" \/>\n<meta name=\"twitter:label1\" content=\"Tiempo de lectura\" \/>\n\t<meta name=\"twitter:data1\" content=\"2 minutos\" \/>\n<script type=\"application\/ld+json\" class=\"yoast-schema-graph\">{\"@context\":\"https:\\\/\\\/schema.org\",\"@graph\":[{\"@type\":\"WebPage\",\"@id\":\"https:\\\/\\\/nprc-swfl.com\\\/about\\\/our-team\\\/mark-brody-m-d\\\/\",\"url\":\"https:\\\/\\\/nprc-swfl.com\\\/about\\\/our-team\\\/mark-brody-m-d\\\/\",\"name\":\"Mark Brody, M.D., C.P.I. - Neuropsychiatric Research Center of Southwest Florida\",\"isPartOf\":{\"@id\":\"https:\\\/\\\/nprc-swfl.com\\\/#website\"},\"primaryImageOfPage\":{\"@id\":\"https:\\\/\\\/nprc-swfl.com\\\/about\\\/our-team\\\/mark-brody-m-d\\\/#primaryimage\"},\"image\":{\"@id\":\"https:\\\/\\\/nprc-swfl.com\\\/about\\\/our-team\\\/mark-brody-m-d\\\/#primaryimage\"},\"thumbnailUrl\":\"https:\\\/\\\/nprc-swfl.com\\\/wp-content\\\/uploads\\\/2023\\\/08\\\/MicrosoftTeams-image-4.jpg\",\"datePublished\":\"2023-08-01T14:25:36+00:00\",\"dateModified\":\"2024-09-13T18:50:40+00:00\",\"breadcrumb\":{\"@id\":\"https:\\\/\\\/nprc-swfl.com\\\/about\\\/our-team\\\/mark-brody-m-d\\\/#breadcrumb\"},\"inLanguage\":\"es\",\"potentialAction\":[{\"@type\":\"ReadAction\",\"target\":[\"https:\\\/\\\/nprc-swfl.com\\\/about\\\/our-team\\\/mark-brody-m-d\\\/\"]}]},{\"@type\":\"ImageObject\",\"inLanguage\":\"es\",\"@id\":\"https:\\\/\\\/nprc-swfl.com\\\/about\\\/our-team\\\/mark-brody-m-d\\\/#primaryimage\",\"url\":\"https:\\\/\\\/nprc-swfl.com\\\/wp-content\\\/uploads\\\/2023\\\/08\\\/MicrosoftTeams-image-4.jpg\",\"contentUrl\":\"https:\\\/\\\/nprc-swfl.com\\\/wp-content\\\/uploads\\\/2023\\\/08\\\/MicrosoftTeams-image-4.jpg\"},{\"@type\":\"BreadcrumbList\",\"@id\":\"https:\\\/\\\/nprc-swfl.com\\\/about\\\/our-team\\\/mark-brody-m-d\\\/#breadcrumb\",\"itemListElement\":[{\"@type\":\"ListItem\",\"position\":1,\"name\":\"Home\",\"item\":\"https:\\\/\\\/nprc-swfl.com\\\/\"},{\"@type\":\"ListItem\",\"position\":2,\"name\":\"About Neuropsychiatric Research Center of Southwest Florida\",\"item\":\"https:\\\/\\\/nprc-swfl.com\\\/about\\\/\"},{\"@type\":\"ListItem\",\"position\":3,\"name\":\"Patient Stories\",\"item\":\"https:\\\/\\\/nprc-swfl.com\\\/about\\\/our-team\\\/\"},{\"@type\":\"ListItem\",\"position\":4,\"name\":\"Mark Brody, M.D., C.P.I.\"}]},{\"@type\":\"WebSite\",\"@id\":\"https:\\\/\\\/nprc-swfl.com\\\/#website\",\"url\":\"https:\\\/\\\/nprc-swfl.com\\\/\",\"name\":\"Neuropsychiatric Research Center of Southwest Florida\",\"description\":\"Alzheimer\u2019s Clinical research in Fort Myers, FL\",\"publisher\":{\"@id\":\"https:\\\/\\\/nprc-swfl.com\\\/#organization\"},\"potentialAction\":[{\"@type\":\"SearchAction\",\"target\":{\"@type\":\"EntryPoint\",\"urlTemplate\":\"https:\\\/\\\/nprc-swfl.com\\\/?s={search_term_string}\"},\"query-input\":{\"@type\":\"PropertyValueSpecification\",\"valueRequired\":true,\"valueName\":\"search_term_string\"}}],\"inLanguage\":\"es\"},{\"@type\":\"Organization\",\"@id\":\"https:\\\/\\\/nprc-swfl.com\\\/#organization\",\"name\":\"Neuropsychiatric Research Center of Southwest Florida\",\"url\":\"https:\\\/\\\/nprc-swfl.com\\\/\",\"logo\":{\"@type\":\"ImageObject\",\"inLanguage\":\"es\",\"@id\":\"https:\\\/\\\/nprc-swfl.com\\\/#\\\/schema\\\/logo\\\/image\\\/\",\"url\":\"https:\\\/\\\/nprc-swfl.com\\\/wp-content\\\/uploads\\\/2020\\\/11\\\/NPRC-LOGO.webp\",\"contentUrl\":\"https:\\\/\\\/nprc-swfl.com\\\/wp-content\\\/uploads\\\/2020\\\/11\\\/NPRC-LOGO.webp\",\"width\":709,\"height\":241,\"caption\":\"Neuropsychiatric Research Center of Southwest Florida\"},\"image\":{\"@id\":\"https:\\\/\\\/nprc-swfl.com\\\/#\\\/schema\\\/logo\\\/image\\\/\"}}]}<\/script>\n<!-- \/ Yoast SEO plugin. -->","yoast_head_json":{"title":"Mark Brody, MD, CPI - Centro de Investigaci\u00f3n Neuropsiqui\u00e1trica del Suroeste de Florida","robots":{"index":"index","follow":"follow","max-snippet":"max-snippet:-1","max-image-preview":"max-image-preview:large","max-video-preview":"max-video-preview:-1"},"canonical":"https:\/\/nprc-swfl.com\/es\/about\/our-team\/mark-brody-m-d\/","og_locale":"es_MX","og_type":"article","og_title":"Mark Brody, M.D., C.P.I. - Neuropsychiatric Research Center of Southwest Florida","og_description":"Mark Brody, M.D., C.P.I. Clinical Therapeutic Lead Dr. Brody is the Clinical Therapeutic Lead for Neurology at Evolution Research Group (ERG) overseeing the training and clinical aspects at the Neurology clinical trial sites. Dr. Brody is a Key Opinion Leader in his field and is Board Certified by the American Board of Psychiatry and Neurology.\u00a0 ... Read more","og_url":"https:\/\/nprc-swfl.com\/es\/about\/our-team\/mark-brody-m-d\/","og_site_name":"Neuropsychiatric Research Center of Southwest Florida","article_modified_time":"2024-09-13T18:50:40+00:00","og_image":[{"url":"https:\/\/nprc-swfl.com\/wp-content\/uploads\/2023\/08\/MicrosoftTeams-image-4.jpg","type":"","width":"","height":""}],"twitter_card":"summary_large_image","twitter_misc":{"Tiempo de lectura":"2 minutos"},"schema":{"@context":"https:\/\/schema.org","@graph":[{"@type":"WebPage","@id":"https:\/\/nprc-swfl.com\/about\/our-team\/mark-brody-m-d\/","url":"https:\/\/nprc-swfl.com\/about\/our-team\/mark-brody-m-d\/","name":"Mark Brody, MD, CPI - Centro de Investigaci\u00f3n Neuropsiqui\u00e1trica del Suroeste de Florida","isPartOf":{"@id":"https:\/\/nprc-swfl.com\/#website"},"primaryImageOfPage":{"@id":"https:\/\/nprc-swfl.com\/about\/our-team\/mark-brody-m-d\/#primaryimage"},"image":{"@id":"https:\/\/nprc-swfl.com\/about\/our-team\/mark-brody-m-d\/#primaryimage"},"thumbnailUrl":"https:\/\/nprc-swfl.com\/wp-content\/uploads\/2023\/08\/MicrosoftTeams-image-4.jpg","datePublished":"2023-08-01T14:25:36+00:00","dateModified":"2024-09-13T18:50:40+00:00","breadcrumb":{"@id":"https:\/\/nprc-swfl.com\/about\/our-team\/mark-brody-m-d\/#breadcrumb"},"inLanguage":"es","potentialAction":[{"@type":"ReadAction","target":["https:\/\/nprc-swfl.com\/about\/our-team\/mark-brody-m-d\/"]}]},{"@type":"ImageObject","inLanguage":"es","@id":"https:\/\/nprc-swfl.com\/about\/our-team\/mark-brody-m-d\/#primaryimage","url":"https:\/\/nprc-swfl.com\/wp-content\/uploads\/2023\/08\/MicrosoftTeams-image-4.jpg","contentUrl":"https:\/\/nprc-swfl.com\/wp-content\/uploads\/2023\/08\/MicrosoftTeams-image-4.jpg"},{"@type":"BreadcrumbList","@id":"https:\/\/nprc-swfl.com\/about\/our-team\/mark-brody-m-d\/#breadcrumb","itemListElement":[{"@type":"ListItem","position":1,"name":"Home","item":"https:\/\/nprc-swfl.com\/"},{"@type":"ListItem","position":2,"name":"About Neuropsychiatric Research Center of Southwest Florida","item":"https:\/\/nprc-swfl.com\/about\/"},{"@type":"ListItem","position":3,"name":"Patient Stories","item":"https:\/\/nprc-swfl.com\/about\/our-team\/"},{"@type":"ListItem","position":4,"name":"Mark Brody, M.D., C.P.I."}]},{"@type":"WebSite","@id":"https:\/\/nprc-swfl.com\/#website","url":"https:\/\/nprc-swfl.com\/","name":"Centro de Investigaci\u00f3n Neuropsiqui\u00e1trica del Suroeste de Florida","description":"Investigaci\u00f3n cl\u00ednica sobre el Alzheimer en Fort Myers, Florida","publisher":{"@id":"https:\/\/nprc-swfl.com\/#organization"},"potentialAction":[{"@type":"SearchAction","target":{"@type":"EntryPoint","urlTemplate":"https:\/\/nprc-swfl.com\/?s={search_term_string}"},"query-input":{"@type":"PropertyValueSpecification","valueRequired":true,"valueName":"search_term_string"}}],"inLanguage":"es"},{"@type":"Organization","@id":"https:\/\/nprc-swfl.com\/#organization","name":"Centro de Investigaci\u00f3n Neuropsiqui\u00e1trica del Suroeste de Florida","url":"https:\/\/nprc-swfl.com\/","logo":{"@type":"ImageObject","inLanguage":"es","@id":"https:\/\/nprc-swfl.com\/#\/schema\/logo\/image\/","url":"https:\/\/nprc-swfl.com\/wp-content\/uploads\/2020\/11\/NPRC-LOGO.webp","contentUrl":"https:\/\/nprc-swfl.com\/wp-content\/uploads\/2020\/11\/NPRC-LOGO.webp","width":709,"height":241,"caption":"Neuropsychiatric Research Center of Southwest Florida"},"image":{"@id":"https:\/\/nprc-swfl.com\/#\/schema\/logo\/image\/"}}]}},"_links":{"self":[{"href":"https:\/\/nprc-swfl.com\/es\/wp-json\/wp\/v2\/pages\/835","targetHints":{"allow":["GET"]}}],"collection":[{"href":"https:\/\/nprc-swfl.com\/es\/wp-json\/wp\/v2\/pages"}],"about":[{"href":"https:\/\/nprc-swfl.com\/es\/wp-json\/wp\/v2\/types\/page"}],"author":[{"embeddable":true,"href":"https:\/\/nprc-swfl.com\/es\/wp-json\/wp\/v2\/users\/14"}],"replies":[{"embeddable":true,"href":"https:\/\/nprc-swfl.com\/es\/wp-json\/wp\/v2\/comments?post=835"}],"version-history":[{"count":0,"href":"https:\/\/nprc-swfl.com\/es\/wp-json\/wp\/v2\/pages\/835\/revisions"}],"up":[{"embeddable":true,"href":"https:\/\/nprc-swfl.com\/es\/wp-json\/wp\/v2\/pages\/17"}],"wp:attachment":[{"href":"https:\/\/nprc-swfl.com\/es\/wp-json\/wp\/v2\/media?parent=835"}],"curies":[{"name":"gracias","href":"https:\/\/api.w.org\/{rel}","templated":true}]}}