{"id":780,"date":"2023-03-23T20:59:38","date_gmt":"2023-03-23T20:59:38","guid":{"rendered":"https:\/\/nprc-swfl.com\/?page_id=780"},"modified":"2023-03-23T20:59:58","modified_gmt":"2023-03-23T20:59:58","slug":"patient-referral-form","status":"publish","type":"page","link":"https:\/\/nprc-swfl.com\/es\/patient-referral-form\/","title":{"rendered":"FORMULARIO DE REMISI\u00d3N DE PACIENTES"},"content":{"rendered":"<div data-elementor-type=\"wp-page\" data-elementor-id=\"780\" class=\"elementor elementor-780\" data-elementor-post-type=\"page\">\n\t\t\t\t\t\t<section class=\"elementor-section elementor-top-section elementor-element elementor-element-bfeb39d elementor-section-boxed elementor-section-height-default elementor-section-height-default\" data-id=\"bfeb39d\" data-element_type=\"section\" data-e-type=\"section\">\n\t\t\t\t\t\t<div class=\"elementor-container elementor-column-gap-default\">\n\t\t\t\t\t<div class=\"elementor-column elementor-col-100 elementor-top-column elementor-element elementor-element-b59842e\" data-id=\"b59842e\" data-element_type=\"column\" data-e-type=\"column\">\n\t\t\t<div class=\"elementor-widget-wrap elementor-element-populated\">\n\t\t\t\t\t\t<div class=\"elementor-element elementor-element-2439435 elementor-widget elementor-widget-html\" data-id=\"2439435\" data-element_type=\"widget\" data-e-type=\"widget\" data-widget_type=\"html.default\">\n\t\t\t\t\t<iframe src=\"https:\/\/forms.monday.com\/forms\/embed\/98257369eea92a49cfce4ae31685ca65?r=use1\" width=\"650\" height=\"500\" style=\"border: 0; box-shadow: 5px 5px 56px 0px rgba(0,0,0,0.25);\"><\/iframe>       \t\t\t\t<\/div>\n\t\t\t\t\t<\/div>\n\t\t<\/div>\n\t\t\t\t\t<\/div>\n\t\t<\/section>\n\t\t\t\t<\/div>","protected":false},"excerpt":{"rendered":"","protected":false},"author":9,"featured_media":0,"parent":0,"menu_order":0,"comment_status":"closed","ping_status":"closed","template":"","meta":{"footnotes":""},"class_list":["post-780","page","type-page","status-publish"],"yoast_head":"<!-- This site is optimized with the Yoast SEO plugin v27.4 - https:\/\/yoast.com\/product\/yoast-seo-wordpress\/ -->\n<title>PATIENT REFERRAL FORM - Neuropsychiatric Research Center of Southwest Florida<\/title>\n<meta name=\"robots\" content=\"index, follow, max-snippet:-1, max-image-preview:large, max-video-preview:-1\" \/>\n<link rel=\"canonical\" href=\"https:\/\/nprc-swfl.com\/es\/patient-referral-form\/\" \/>\n<meta property=\"og:locale\" content=\"es_MX\" \/>\n<meta property=\"og:type\" content=\"article\" \/>\n<meta property=\"og:title\" content=\"PATIENT REFERRAL FORM - Neuropsychiatric Research Center of Southwest Florida\" \/>\n<meta property=\"og:url\" content=\"https:\/\/nprc-swfl.com\/es\/patient-referral-form\/\" \/>\n<meta property=\"og:site_name\" content=\"Neuropsychiatric Research Center of Southwest Florida\" \/>\n<meta property=\"article:modified_time\" content=\"2023-03-23T20:59:58+00:00\" \/>\n<meta name=\"twitter:card\" content=\"summary_large_image\" \/>\n<script type=\"application\/ld+json\" class=\"yoast-schema-graph\">{\"@context\":\"https:\\\/\\\/schema.org\",\"@graph\":[{\"@type\":\"WebPage\",\"@id\":\"https:\\\/\\\/nprc-swfl.com\\\/patient-referral-form\\\/\",\"url\":\"https:\\\/\\\/nprc-swfl.com\\\/patient-referral-form\\\/\",\"name\":\"PATIENT REFERRAL FORM - Neuropsychiatric Research Center of Southwest Florida\",\"isPartOf\":{\"@id\":\"https:\\\/\\\/nprc-swfl.com\\\/#website\"},\"datePublished\":\"2023-03-23T20:59:38+00:00\",\"dateModified\":\"2023-03-23T20:59:58+00:00\",\"breadcrumb\":{\"@id\":\"https:\\\/\\\/nprc-swfl.com\\\/patient-referral-form\\\/#breadcrumb\"},\"inLanguage\":\"es\",\"potentialAction\":[{\"@type\":\"ReadAction\",\"target\":[\"https:\\\/\\\/nprc-swfl.com\\\/patient-referral-form\\\/\"]}]},{\"@type\":\"BreadcrumbList\",\"@id\":\"https:\\\/\\\/nprc-swfl.com\\\/patient-referral-form\\\/#breadcrumb\",\"itemListElement\":[{\"@type\":\"ListItem\",\"position\":1,\"name\":\"Home\",\"item\":\"https:\\\/\\\/nprc-swfl.com\\\/\"},{\"@type\":\"ListItem\",\"position\":2,\"name\":\"PATIENT REFERRAL FORM\"}]},{\"@type\":\"WebSite\",\"@id\":\"https:\\\/\\\/nprc-swfl.com\\\/#website\",\"url\":\"https:\\\/\\\/nprc-swfl.com\\\/\",\"name\":\"Neuropsychiatric Research Center of Southwest Florida\",\"description\":\"Alzheimer\u2019s Clinical research in Fort Myers, FL\",\"publisher\":{\"@id\":\"https:\\\/\\\/nprc-swfl.com\\\/#organization\"},\"potentialAction\":[{\"@type\":\"SearchAction\",\"target\":{\"@type\":\"EntryPoint\",\"urlTemplate\":\"https:\\\/\\\/nprc-swfl.com\\\/?s={search_term_string}\"},\"query-input\":{\"@type\":\"PropertyValueSpecification\",\"valueRequired\":true,\"valueName\":\"search_term_string\"}}],\"inLanguage\":\"es\"},{\"@type\":\"Organization\",\"@id\":\"https:\\\/\\\/nprc-swfl.com\\\/#organization\",\"name\":\"Neuropsychiatric Research Center of Southwest Florida\",\"url\":\"https:\\\/\\\/nprc-swfl.com\\\/\",\"logo\":{\"@type\":\"ImageObject\",\"inLanguage\":\"es\",\"@id\":\"https:\\\/\\\/nprc-swfl.com\\\/#\\\/schema\\\/logo\\\/image\\\/\",\"url\":\"https:\\\/\\\/nprc-swfl.com\\\/wp-content\\\/uploads\\\/2020\\\/11\\\/NPRC-LOGO.webp\",\"contentUrl\":\"https:\\\/\\\/nprc-swfl.com\\\/wp-content\\\/uploads\\\/2020\\\/11\\\/NPRC-LOGO.webp\",\"width\":709,\"height\":241,\"caption\":\"Neuropsychiatric Research Center of Southwest Florida\"},\"image\":{\"@id\":\"https:\\\/\\\/nprc-swfl.com\\\/#\\\/schema\\\/logo\\\/image\\\/\"}}]}<\/script>\n<!-- \/ Yoast SEO plugin. -->","yoast_head_json":{"title":"FORMULARIO DE REMISI\u00d3N DE PACIENTES - Centro de Investigaci\u00f3n Neuropsiqui\u00e1trica del Suroeste de Florida","robots":{"index":"index","follow":"follow","max-snippet":"max-snippet:-1","max-image-preview":"max-image-preview:large","max-video-preview":"max-video-preview:-1"},"canonical":"https:\/\/nprc-swfl.com\/es\/patient-referral-form\/","og_locale":"es_MX","og_type":"article","og_title":"PATIENT REFERRAL FORM - Neuropsychiatric Research Center of Southwest Florida","og_url":"https:\/\/nprc-swfl.com\/es\/patient-referral-form\/","og_site_name":"Neuropsychiatric Research Center of Southwest Florida","article_modified_time":"2023-03-23T20:59:58+00:00","twitter_card":"summary_large_image","schema":{"@context":"https:\/\/schema.org","@graph":[{"@type":"WebPage","@id":"https:\/\/nprc-swfl.com\/patient-referral-form\/","url":"https:\/\/nprc-swfl.com\/patient-referral-form\/","name":"FORMULARIO DE REMISI\u00d3N DE PACIENTES - Centro de Investigaci\u00f3n Neuropsiqui\u00e1trica del Suroeste de Florida","isPartOf":{"@id":"https:\/\/nprc-swfl.com\/#website"},"datePublished":"2023-03-23T20:59:38+00:00","dateModified":"2023-03-23T20:59:58+00:00","breadcrumb":{"@id":"https:\/\/nprc-swfl.com\/patient-referral-form\/#breadcrumb"},"inLanguage":"es","potentialAction":[{"@type":"ReadAction","target":["https:\/\/nprc-swfl.com\/patient-referral-form\/"]}]},{"@type":"BreadcrumbList","@id":"https:\/\/nprc-swfl.com\/patient-referral-form\/#breadcrumb","itemListElement":[{"@type":"ListItem","position":1,"name":"Home","item":"https:\/\/nprc-swfl.com\/"},{"@type":"ListItem","position":2,"name":"PATIENT REFERRAL FORM"}]},{"@type":"WebSite","@id":"https:\/\/nprc-swfl.com\/#website","url":"https:\/\/nprc-swfl.com\/","name":"Centro de Investigaci\u00f3n Neuropsiqui\u00e1trica del Suroeste de Florida","description":"Investigaci\u00f3n cl\u00ednica sobre el Alzheimer en Fort Myers, Florida","publisher":{"@id":"https:\/\/nprc-swfl.com\/#organization"},"potentialAction":[{"@type":"SearchAction","target":{"@type":"EntryPoint","urlTemplate":"https:\/\/nprc-swfl.com\/?s={search_term_string}"},"query-input":{"@type":"PropertyValueSpecification","valueRequired":true,"valueName":"search_term_string"}}],"inLanguage":"es"},{"@type":"Organization","@id":"https:\/\/nprc-swfl.com\/#organization","name":"Centro de Investigaci\u00f3n Neuropsiqui\u00e1trica del Suroeste de Florida","url":"https:\/\/nprc-swfl.com\/","logo":{"@type":"ImageObject","inLanguage":"es","@id":"https:\/\/nprc-swfl.com\/#\/schema\/logo\/image\/","url":"https:\/\/nprc-swfl.com\/wp-content\/uploads\/2020\/11\/NPRC-LOGO.webp","contentUrl":"https:\/\/nprc-swfl.com\/wp-content\/uploads\/2020\/11\/NPRC-LOGO.webp","width":709,"height":241,"caption":"Neuropsychiatric Research Center of Southwest Florida"},"image":{"@id":"https:\/\/nprc-swfl.com\/#\/schema\/logo\/image\/"}}]}},"_links":{"self":[{"href":"https:\/\/nprc-swfl.com\/es\/wp-json\/wp\/v2\/pages\/780","targetHints":{"allow":["GET"]}}],"collection":[{"href":"https:\/\/nprc-swfl.com\/es\/wp-json\/wp\/v2\/pages"}],"about":[{"href":"https:\/\/nprc-swfl.com\/es\/wp-json\/wp\/v2\/types\/page"}],"author":[{"embeddable":true,"href":"https:\/\/nprc-swfl.com\/es\/wp-json\/wp\/v2\/users\/9"}],"replies":[{"embeddable":true,"href":"https:\/\/nprc-swfl.com\/es\/wp-json\/wp\/v2\/comments?post=780"}],"version-history":[{"count":0,"href":"https:\/\/nprc-swfl.com\/es\/wp-json\/wp\/v2\/pages\/780\/revisions"}],"wp:attachment":[{"href":"https:\/\/nprc-swfl.com\/es\/wp-json\/wp\/v2\/media?parent=780"}],"curies":[{"name":"gracias","href":"https:\/\/api.w.org\/{rel}","templated":true}]}}