{"id":373,"date":"2021-04-06T22:34:39","date_gmt":"2021-04-06T22:34:39","guid":{"rendered":"https:\/\/nprcpro.wpengine.com\/?page_id=373"},"modified":"2022-02-03T23:40:08","modified_gmt":"2022-02-03T23:40:08","slug":"patient-protection","status":"publish","type":"page","link":"https:\/\/nprc-swfl.com\/es\/patient-protection\/","title":{"rendered":"Protecci\u00f3n del paciente"},"content":{"rendered":"\t\t<div data-elementor-type=\"wp-page\" data-elementor-id=\"373\" class=\"elementor elementor-373\" data-elementor-post-type=\"page\">\n\t\t\t\t\t\t<section class=\"elementor-section elementor-top-section elementor-element elementor-element-0452350 elementor-section-stretched elementor-section-height-min-height elementor-section-boxed elementor-section-height-default elementor-section-items-middle\" data-id=\"0452350\" data-element_type=\"section\" data-e-type=\"section\" data-settings=\"{&quot;stretch_section&quot;:&quot;section-stretched&quot;,&quot;background_background&quot;:&quot;classic&quot;,&quot;background_motion_fx_motion_fx_scrolling&quot;:&quot;yes&quot;,&quot;background_motion_fx_translateY_effect&quot;:&quot;yes&quot;,&quot;shape_divider_bottom&quot;:&quot;arrow&quot;,&quot;shape_divider_bottom_negative&quot;:&quot;yes&quot;,&quot;background_motion_fx_translateY_speed&quot;:{&quot;unit&quot;:&quot;px&quot;,&quot;size&quot;:4,&quot;sizes&quot;:[]},&quot;background_motion_fx_translateY_affectedRange&quot;:{&quot;unit&quot;:&quot;%&quot;,&quot;size&quot;:&quot;&quot;,&quot;sizes&quot;:{&quot;start&quot;:0,&quot;end&quot;:100}},&quot;background_motion_fx_devices&quot;:[&quot;desktop&quot;,&quot;tablet&quot;,&quot;mobile&quot;]}\">\n\t\t\t\t\t\t\t<div class=\"elementor-background-overlay\"><\/div>\n\t\t\t\t\t\t<div class=\"elementor-shape elementor-shape-bottom\" aria-hidden=\"true\" data-negative=\"true\">\n\t\t\t<svg xmlns=\"http:\/\/www.w3.org\/2000\/svg\" viewBox=\"0 0 700 10\" preserveAspectRatio=\"none\">\n\t<path class=\"elementor-shape-fill\" d=\"M360 0L350 9.9 340 0 0 0 0 10 700 10 700 0\"\/>\n<\/svg>\t\t<\/div>\n\t\t\t\t\t<div class=\"elementor-container elementor-column-gap-default\">\n\t\t\t\t\t<div class=\"elementor-column elementor-col-100 elementor-top-column elementor-element elementor-element-be7eeeb\" data-id=\"be7eeeb\" data-element_type=\"column\" data-e-type=\"column\">\n\t\t\t<div class=\"elementor-widget-wrap elementor-element-populated\">\n\t\t\t\t\t\t<div class=\"elementor-element elementor-element-c18592f elementor-invisible elementor-widget elementor-widget-heading\" data-id=\"c18592f\" data-element_type=\"widget\" data-e-type=\"widget\" data-settings=\"{&quot;_animation&quot;:&quot;fadeInRight&quot;}\" data-widget_type=\"heading.default\">\n\t\t\t\t<div class=\"elementor-widget-container\">\n\t\t\t\t\t<h1 class=\"elementor-heading-title elementor-size-default\">Patient Protection<\/h1>\t\t\t\t<\/div>\n\t\t\t\t<\/div>\n\t\t\t\t\t<\/div>\n\t\t<\/div>\n\t\t\t\t\t<\/div>\n\t\t<\/section>\n\t\t\t\t<section class=\"elementor-section elementor-top-section elementor-element elementor-element-a094e30 elementor-section-boxed elementor-section-height-default elementor-section-height-default\" data-id=\"a094e30\" data-element_type=\"section\" data-e-type=\"section\">\n\t\t\t\t\t\t<div class=\"elementor-container elementor-column-gap-default\">\n\t\t\t\t\t<div class=\"elementor-column elementor-col-100 elementor-top-column elementor-element elementor-element-c0e4597\" data-id=\"c0e4597\" data-element_type=\"column\" data-e-type=\"column\">\n\t\t\t<div class=\"elementor-widget-wrap elementor-element-populated\">\n\t\t\t\t\t\t<div class=\"elementor-element elementor-element-2708ce8 elementor-widget elementor-widget-text-editor\" data-id=\"2708ce8\" data-element_type=\"widget\" data-e-type=\"widget\" data-widget_type=\"text-editor.default\">\n\t\t\t\t<div class=\"elementor-widget-container\">\n\t\t\t\t\t\t\t\t\t<p>There are many factors that ensure a participant&#8217;s protection during clinical studies including the U.S. Food and Drug Administration (FDA), Institutional Review Boards (IRB), Informed Consent documents and procedures following the Health Insurance Portability and Accountability Act (HIPAA).There is also monitoring of studies by industry or private sponsors as well as oversight and reporting by investigators and their staff.<\/p>\n<ul>\n<li style=\"list-style-type: none;\">\n<ul>\n<li>The FDA sets safety guidelines for researchers to follow in order to ensure participant safety. The FDA also performs inspections of study sites.<\/li>\n<li>An IRB is composed of at least 5 members including scientists, doctors and a lay person who review the proposed study, identify the risks, suggest improvements, consider inclusion\/exclusion eligibility criteria for participants, review the adequacy of the informed consent document and approve clinical trials.<\/li>\n<li>The Informed Consent document includes the study&#8217;s details including potential risks and benefits, is presented to the participant in their native language, provides information throughout the study and is signed if the participant chooses to enroll in the study. The participant is allowed to withdraw consent at any time during the study.<\/li>\n<li>The HIPAA Privacy Rule provides federal protection of personal health information and creates guidelines that health care providers must follow regarding personal information. For example, the clinical research study data sent to the study sponsor cannot include the participant&#8217;s name or other identifying information.<\/li>\n<li><a href=\"clinicaltrials.gov\">www.clinicaltrials.gov<\/a> is an interactive online database that contains detailed information about federally and privately supported human clinical research trials and contact information for each study. It is managed by the National Library of Medicine and regularly updated.<\/li>\n<\/ul>\n<\/li>\n<\/ul>\t\t\t\t\t\t\t\t<\/div>\n\t\t\t\t<\/div>\n\t\t\t\t\t<\/div>\n\t\t<\/div>\n\t\t\t\t\t<\/div>\n\t\t<\/section>\n\t\t\t\t<\/div>\n\t\t","protected":false},"excerpt":{"rendered":"<p>Protecci\u00f3n del paciente Hay muchos factores que garantizan la protecci\u00f3n de un participante durante los estudios cl\u00ednicos, incluida la Administraci\u00f3n de Alimentos y Medicamentos de los EE. UU. (FDA), las Juntas de Revisi\u00f3n Institucional (IRB), los documentos y procedimientos de consentimiento informado que siguen la Ley de Portabilidad y Responsabilidad del Seguro M\u00e9dico (HIPAA). Tambi\u00e9n existe un monitoreo de estudios por parte de la industria o patrocinadores privados, as\u00ed como supervisi\u00f3n y\u2026 <\/p>\n<p class=\"read-more-container\"><a title=\"Protecci\u00f3n del paciente\" class=\"read-more button\" href=\"https:\/\/nprc-swfl.com\/es\/patient-protection\/#more-373\" aria-label=\"Leer m\u00e1s sobre Protecci\u00f3n al Paciente\">Leer m\u00e1s<\/a><\/p>","protected":false},"author":1,"featured_media":0,"parent":0,"menu_order":0,"comment_status":"closed","ping_status":"closed","template":"","meta":{"footnotes":""},"class_list":["post-373","page","type-page","status-publish"],"yoast_head":"<!-- This site is optimized with the Yoast SEO plugin v27.2 - https:\/\/yoast.com\/product\/yoast-seo-wordpress\/ -->\n<title>Patient Protection - Neuropsychiatric Research Center of Southwest Florida<\/title>\n<meta name=\"robots\" content=\"index, follow, max-snippet:-1, max-image-preview:large, max-video-preview:-1\" \/>\n<link rel=\"canonical\" href=\"https:\/\/nprc-swfl.com\/es\/patient-protection\/\" \/>\n<meta property=\"og:locale\" content=\"es_MX\" \/>\n<meta property=\"og:type\" content=\"article\" \/>\n<meta property=\"og:title\" content=\"Patient Protection - Neuropsychiatric Research Center of Southwest Florida\" \/>\n<meta property=\"og:description\" content=\"Patient Protection There are many factors that ensure a participant&#8217;s protection during clinical studies including the U.S. Food and Drug Administration (FDA), Institutional Review Boards (IRB), Informed Consent documents and procedures following the Health Insurance Portability and Accountability Act (HIPAA).There is also monitoring of studies by industry or private sponsors as well as oversight and ... Read more\" \/>\n<meta property=\"og:url\" content=\"https:\/\/nprc-swfl.com\/es\/patient-protection\/\" \/>\n<meta property=\"og:site_name\" content=\"Neuropsychiatric Research Center of Southwest Florida\" \/>\n<meta property=\"article:modified_time\" content=\"2022-02-03T23:40:08+00:00\" \/>\n<meta name=\"twitter:card\" content=\"summary_large_image\" \/>\n<meta name=\"twitter:label1\" content=\"Tiempo de lectura\" \/>\n\t<meta name=\"twitter:data1\" content=\"2 minutos\" \/>\n<script type=\"application\/ld+json\" class=\"yoast-schema-graph\">{\"@context\":\"https:\/\/schema.org\",\"@graph\":[{\"@type\":\"WebPage\",\"@id\":\"https:\/\/nprc-swfl.com\/patient-protection\/\",\"url\":\"https:\/\/nprc-swfl.com\/patient-protection\/\",\"name\":\"Patient Protection - Neuropsychiatric Research Center of Southwest Florida\",\"isPartOf\":{\"@id\":\"https:\/\/nprc-swfl.com\/#website\"},\"datePublished\":\"2021-04-06T22:34:39+00:00\",\"dateModified\":\"2022-02-03T23:40:08+00:00\",\"breadcrumb\":{\"@id\":\"https:\/\/nprc-swfl.com\/patient-protection\/#breadcrumb\"},\"inLanguage\":\"es\",\"potentialAction\":[{\"@type\":\"ReadAction\",\"target\":[\"https:\/\/nprc-swfl.com\/patient-protection\/\"]}]},{\"@type\":\"BreadcrumbList\",\"@id\":\"https:\/\/nprc-swfl.com\/patient-protection\/#breadcrumb\",\"itemListElement\":[{\"@type\":\"ListItem\",\"position\":1,\"name\":\"Home\",\"item\":\"https:\/\/nprc-swfl.com\/\"},{\"@type\":\"ListItem\",\"position\":2,\"name\":\"Patient Protection\"}]},{\"@type\":\"WebSite\",\"@id\":\"https:\/\/nprc-swfl.com\/#website\",\"url\":\"https:\/\/nprc-swfl.com\/\",\"name\":\"Neuropsychiatric Research Center of Southwest Florida\",\"description\":\"Alzheimer\u2019s Clinical research in Fort Myers, FL\",\"publisher\":{\"@id\":\"https:\/\/nprc-swfl.com\/#organization\"},\"potentialAction\":[{\"@type\":\"SearchAction\",\"target\":{\"@type\":\"EntryPoint\",\"urlTemplate\":\"https:\/\/nprc-swfl.com\/?s={search_term_string}\"},\"query-input\":{\"@type\":\"PropertyValueSpecification\",\"valueRequired\":true,\"valueName\":\"search_term_string\"}}],\"inLanguage\":\"es\"},{\"@type\":\"Organization\",\"@id\":\"https:\/\/nprc-swfl.com\/#organization\",\"name\":\"Neuropsychiatric Research Center of Southwest Florida\",\"url\":\"https:\/\/nprc-swfl.com\/\",\"logo\":{\"@type\":\"ImageObject\",\"inLanguage\":\"es\",\"@id\":\"https:\/\/nprc-swfl.com\/#\/schema\/logo\/image\/\",\"url\":\"https:\/\/nprc-swfl.com\/wp-content\/uploads\/2020\/11\/NPRC-LOGO.webp\",\"contentUrl\":\"https:\/\/nprc-swfl.com\/wp-content\/uploads\/2020\/11\/NPRC-LOGO.webp\",\"width\":709,\"height\":241,\"caption\":\"Neuropsychiatric Research Center of Southwest Florida\"},\"image\":{\"@id\":\"https:\/\/nprc-swfl.com\/#\/schema\/logo\/image\/\"}}]}<\/script>\n<!-- \/ Yoast SEO plugin. -->","yoast_head_json":{"title":"Protecci\u00f3n del Paciente - Centro de Investigaci\u00f3n Neuropsiqui\u00e1trica del Suroeste de Florida","robots":{"index":"index","follow":"follow","max-snippet":"max-snippet:-1","max-image-preview":"max-image-preview:large","max-video-preview":"max-video-preview:-1"},"canonical":"https:\/\/nprc-swfl.com\/es\/patient-protection\/","og_locale":"es_MX","og_type":"article","og_title":"Patient Protection - Neuropsychiatric Research Center of Southwest Florida","og_description":"Patient Protection There are many factors that ensure a participant&#8217;s protection during clinical studies including the U.S. Food and Drug Administration (FDA), Institutional Review Boards (IRB), Informed Consent documents and procedures following the Health Insurance Portability and Accountability Act (HIPAA).There is also monitoring of studies by industry or private sponsors as well as oversight and ... Read more","og_url":"https:\/\/nprc-swfl.com\/es\/patient-protection\/","og_site_name":"Neuropsychiatric Research Center of Southwest Florida","article_modified_time":"2022-02-03T23:40:08+00:00","twitter_card":"summary_large_image","twitter_misc":{"Tiempo de lectura":"2 minutos"},"schema":{"@context":"https:\/\/schema.org","@graph":[{"@type":"WebPage","@id":"https:\/\/nprc-swfl.com\/patient-protection\/","url":"https:\/\/nprc-swfl.com\/patient-protection\/","name":"Protecci\u00f3n del Paciente - Centro de Investigaci\u00f3n Neuropsiqui\u00e1trica del Suroeste de Florida","isPartOf":{"@id":"https:\/\/nprc-swfl.com\/#website"},"datePublished":"2021-04-06T22:34:39+00:00","dateModified":"2022-02-03T23:40:08+00:00","breadcrumb":{"@id":"https:\/\/nprc-swfl.com\/patient-protection\/#breadcrumb"},"inLanguage":"es","potentialAction":[{"@type":"ReadAction","target":["https:\/\/nprc-swfl.com\/patient-protection\/"]}]},{"@type":"BreadcrumbList","@id":"https:\/\/nprc-swfl.com\/patient-protection\/#breadcrumb","itemListElement":[{"@type":"ListItem","position":1,"name":"Home","item":"https:\/\/nprc-swfl.com\/"},{"@type":"ListItem","position":2,"name":"Patient Protection"}]},{"@type":"WebSite","@id":"https:\/\/nprc-swfl.com\/#website","url":"https:\/\/nprc-swfl.com\/","name":"Centro de Investigaci\u00f3n Neuropsiqui\u00e1trica del Suroeste de Florida","description":"Investigaci\u00f3n cl\u00ednica sobre el Alzheimer en Fort Myers, Florida","publisher":{"@id":"https:\/\/nprc-swfl.com\/#organization"},"potentialAction":[{"@type":"SearchAction","target":{"@type":"EntryPoint","urlTemplate":"https:\/\/nprc-swfl.com\/?s={search_term_string}"},"query-input":{"@type":"PropertyValueSpecification","valueRequired":true,"valueName":"search_term_string"}}],"inLanguage":"es"},{"@type":"Organization","@id":"https:\/\/nprc-swfl.com\/#organization","name":"Centro de Investigaci\u00f3n Neuropsiqui\u00e1trica del Suroeste de Florida","url":"https:\/\/nprc-swfl.com\/","logo":{"@type":"ImageObject","inLanguage":"es","@id":"https:\/\/nprc-swfl.com\/#\/schema\/logo\/image\/","url":"https:\/\/nprc-swfl.com\/wp-content\/uploads\/2020\/11\/NPRC-LOGO.webp","contentUrl":"https:\/\/nprc-swfl.com\/wp-content\/uploads\/2020\/11\/NPRC-LOGO.webp","width":709,"height":241,"caption":"Neuropsychiatric Research Center of Southwest Florida"},"image":{"@id":"https:\/\/nprc-swfl.com\/#\/schema\/logo\/image\/"}}]}},"_links":{"self":[{"href":"https:\/\/nprc-swfl.com\/es\/wp-json\/wp\/v2\/pages\/373","targetHints":{"allow":["GET"]}}],"collection":[{"href":"https:\/\/nprc-swfl.com\/es\/wp-json\/wp\/v2\/pages"}],"about":[{"href":"https:\/\/nprc-swfl.com\/es\/wp-json\/wp\/v2\/types\/page"}],"author":[{"embeddable":true,"href":"https:\/\/nprc-swfl.com\/es\/wp-json\/wp\/v2\/users\/1"}],"replies":[{"embeddable":true,"href":"https:\/\/nprc-swfl.com\/es\/wp-json\/wp\/v2\/comments?post=373"}],"version-history":[{"count":0,"href":"https:\/\/nprc-swfl.com\/es\/wp-json\/wp\/v2\/pages\/373\/revisions"}],"wp:attachment":[{"href":"https:\/\/nprc-swfl.com\/es\/wp-json\/wp\/v2\/media?parent=373"}],"curies":[{"name":"gracias","href":"https:\/\/api.w.org\/{rel}","templated":true}]}}