{"id":358,"date":"2021-04-06T22:00:08","date_gmt":"2021-04-06T22:00:08","guid":{"rendered":"https:\/\/nprcpro.wpengine.com\/?page_id=358"},"modified":"2022-02-03T23:34:52","modified_gmt":"2022-02-03T23:34:52","slug":"alzheimer-s-diseasedementias","status":"publish","type":"page","link":"https:\/\/nprc-swfl.com\/es\/alzheimer-s-diseasedementias\/","title":{"rendered":"Alzheimer\/Demencia"},"content":{"rendered":"\t\t<div data-elementor-type=\"wp-page\" data-elementor-id=\"358\" class=\"elementor elementor-358\" data-elementor-post-type=\"page\">\n\t\t\t\t\t\t<section class=\"elementor-section elementor-top-section elementor-element elementor-element-0452350 elementor-section-stretched elementor-section-height-min-height elementor-section-boxed elementor-section-height-default elementor-section-items-middle\" data-id=\"0452350\" data-element_type=\"section\" data-e-type=\"section\" data-settings=\"{&quot;stretch_section&quot;:&quot;section-stretched&quot;,&quot;background_background&quot;:&quot;classic&quot;,&quot;background_motion_fx_motion_fx_scrolling&quot;:&quot;yes&quot;,&quot;background_motion_fx_translateY_effect&quot;:&quot;yes&quot;,&quot;shape_divider_bottom&quot;:&quot;arrow&quot;,&quot;shape_divider_bottom_negative&quot;:&quot;yes&quot;,&quot;background_motion_fx_translateY_speed&quot;:{&quot;unit&quot;:&quot;px&quot;,&quot;size&quot;:4,&quot;sizes&quot;:[]},&quot;background_motion_fx_translateY_affectedRange&quot;:{&quot;unit&quot;:&quot;%&quot;,&quot;size&quot;:&quot;&quot;,&quot;sizes&quot;:{&quot;start&quot;:0,&quot;end&quot;:100}},&quot;background_motion_fx_devices&quot;:[&quot;desktop&quot;,&quot;tablet&quot;,&quot;mobile&quot;]}\">\n\t\t\t\t\t\t\t<div class=\"elementor-background-overlay\"><\/div>\n\t\t\t\t\t\t<div class=\"elementor-shape elementor-shape-bottom\" aria-hidden=\"true\" data-negative=\"true\">\n\t\t\t<svg xmlns=\"http:\/\/www.w3.org\/2000\/svg\" viewBox=\"0 0 700 10\" preserveAspectRatio=\"none\">\n\t<path class=\"elementor-shape-fill\" d=\"M360 0L350 9.9 340 0 0 0 0 10 700 10 700 0\"\/>\n<\/svg>\t\t<\/div>\n\t\t\t\t\t<div class=\"elementor-container elementor-column-gap-default\">\n\t\t\t\t\t<div class=\"elementor-column elementor-col-100 elementor-top-column elementor-element elementor-element-be7eeeb\" data-id=\"be7eeeb\" data-element_type=\"column\" data-e-type=\"column\">\n\t\t\t<div class=\"elementor-widget-wrap elementor-element-populated\">\n\t\t\t\t\t\t<div class=\"elementor-element elementor-element-c18592f elementor-invisible elementor-widget elementor-widget-heading\" data-id=\"c18592f\" data-element_type=\"widget\" data-e-type=\"widget\" data-settings=\"{&quot;_animation&quot;:&quot;fadeInRight&quot;}\" data-widget_type=\"heading.default\">\n\t\t\t\t<div class=\"elementor-widget-container\">\n\t\t\t\t\t<h1 class=\"elementor-heading-title elementor-size-default\">Alzheimer's\/Dementia<\/h1>\t\t\t\t<\/div>\n\t\t\t\t<\/div>\n\t\t\t\t\t<\/div>\n\t\t<\/div>\n\t\t\t\t\t<\/div>\n\t\t<\/section>\n\t\t\t\t<section class=\"elementor-section elementor-top-section elementor-element elementor-element-17483c7 elementor-section-boxed elementor-section-height-default elementor-section-height-default\" data-id=\"17483c7\" data-element_type=\"section\" data-e-type=\"section\">\n\t\t\t\t\t\t<div class=\"elementor-container elementor-column-gap-default\">\n\t\t\t\t\t<div class=\"elementor-column elementor-col-100 elementor-top-column elementor-element elementor-element-2fbe712\" data-id=\"2fbe712\" data-element_type=\"column\" data-e-type=\"column\">\n\t\t\t<div class=\"elementor-widget-wrap elementor-element-populated\">\n\t\t\t\t\t\t<div class=\"elementor-element elementor-element-7313974 elementor-widget elementor-widget-text-editor\" data-id=\"7313974\" data-element_type=\"widget\" data-e-type=\"widget\" data-widget_type=\"text-editor.default\">\n\t\t\t\t<div class=\"elementor-widget-container\">\n\t\t\t\t\t\t\t\t\t<p><strong>Alzheimer&#8217;s disease typically progresses slowly in three general stages \u2014 mild (early-stage), moderate (middle-stage), and severe (late-stage).<\/strong><\/p><h3 style=\"text-align: center;\">Overview of disease progression<\/h3><p>The symptoms of Alzheimer&#8217;s disease worsen over time, although the rate at which the disease progresses varies. On average, a person with Alzheimer&#8217;s lives four to eight years after diagnosis, but can live as long as 20 years, depending on other factors.<\/p><p>Changes in the brain related to Alzheimer&#8217;s begin years before any signs of the disease. This time period, which can last for years, is referred to as preclinical Alzheimer&#8217;s disease.<\/p><p>The stages below provide an overall idea of how abilities change once symptoms appear and should only be used as a general guide. They are separated into three different categories: mild Alzheimer&#8217;s disease, moderate Alzheimer&#8217;s disease and severe Alzheimer&#8217;s disease. Be aware that it may be difficult to place a person with Alzheimer&#8217;s in a specific stage as stages may overlap<\/p><h3 style=\"text-align: center;\">Mild Alzheimer&#8217;s disease (early-stage)<\/h3><p>In the early stage of Alzheimer&#8217;s, a person may function independently. He or she may still drive, work and be part of social activities. Despite this, the person may feel as if he or she is having memory lapses, such as forgetting familiar words or the location of everyday objects.<\/p><p>Friends, family or others close to the individual begin to notice difficulties. During a detailed medical interview, doctors may be able to detect problems in memory or concentration.<\/p><p>Common difficulties include:<\/p><ul><li>Problems coming up with the right word or name<\/li><li>Trouble remembering names when introduced to new people<\/li><li>Challenges performing tasks in social or work settings.<\/li><li>Forgetting material that one has just read<\/li><li>Losing or misplacing a valuable object<\/li><li>Increasing trouble with planning or organizing<\/li><\/ul><h3 style=\"text-align: center;\">Moderate Alzheimer&#8217;s disease (middle-stage)<\/h3><p>Moderate Alzheimer&#8217;s is typically the longest stage and can last for many years. As the disease progresses, the person with Alzheimer&#8217;s will require a greater level of care.<\/p><p>You may notice the person with Alzheimer&#8217;s confusing words, getting frustrated or angry, or acting in unexpected ways, such as refusing to bathe. Damage to nerve cells in the brain can make it difficult to express thoughts and perform routine tasks.<\/p><p>At this point, symptoms will be noticeable to others and may include:<\/p><ul><li style=\"list-style-type: none;\"><ul><li>Forgetfulness of events or about one&#8217;s own personal history<\/li><li>Feeling moody or withdrawn, especially in socially or mentally challenging situations<\/li><li>Being unable to recall their own address or telephone number or the high school or college from which they graduated<\/li><li>Confusion about where they are or what day it is<\/li><li>The need for help choosing proper clothing for the season or the occasion<\/li><li>Trouble controlling bladder and bowels in some individuals<\/li><li>Changes in sleep patterns, such as sleeping during the day and becoming restless at night<\/li><li>An increased risk of wandering and becoming lost<\/li><li>Personality and behavioral changes, including suspiciousness and delusions or compulsive, repetitive behavior like hand-wringing or tissue shredding<\/li><\/ul><\/li><\/ul><h3 style=\"text-align: center;\">Severe Alzheimer&#8217;s disease (late-stage)<\/h3><p>In the final stage of this disease, individuals lose the ability to respond to their environment, to carry on a conversation and, eventually, to control movement. They may still say words or phrases, but communicating pain becomes difficult.<\/p><p>At this stage, individuals may:<\/p><ul><li style=\"list-style-type: none;\"><ul><li style=\"list-style-type: none;\"><ul><li>Need round-the-clock assistance with daily activities and personal care<\/li><li>Lose awareness of recent experiences as well as of their surroundings<\/li><li>Experience changes in physical abilities, including the ability to walk, sit and, eventually, swallow<\/li><li>Have increasing difficulty communicating<\/li><li>Become vulnerable to infections, especially pneumonia<\/li><\/ul><\/li><\/ul><\/li><\/ul><p>Source: Alzheimer&#8217;s Association\u00ae<\/p>\t\t\t\t\t\t\t\t<\/div>\n\t\t\t\t<\/div>\n\t\t\t\t\t<\/div>\n\t\t<\/div>\n\t\t\t\t\t<\/div>\n\t\t<\/section>\n\t\t\t\t<\/div>\n\t\t","protected":false},"excerpt":{"rendered":"<p>Alzheimer&#8217;s\/Dementia Alzheimer&#8217;s disease typically progresses slowly in three general stages \u2014 mild (early-stage), moderate (middle-stage), and severe (late-stage). Overview of disease progression The symptoms of Alzheimer&#8217;s disease worsen over time, although the rate at which the disease progresses varies. On average, a person with Alzheimer&#8217;s lives four to eight years after diagnosis, but can live &#8230; <\/p>\n<p class=\"read-more-container\"><a title=\"Alzheimer&#8217;s\/Dementia\" class=\"read-more button\" href=\"https:\/\/nprc-swfl.com\/es\/alzheimer-s-diseasedementias\/#more-358\" aria-label=\"Leer m\u00e1s sobre Alzheimer&#8217;s\/Dementia\">Leer m\u00e1s<\/a><\/p>","protected":false},"author":1,"featured_media":0,"parent":0,"menu_order":0,"comment_status":"closed","ping_status":"closed","template":"","meta":{"footnotes":""},"class_list":["post-358","page","type-page","status-publish"],"yoast_head":"<!-- This site is optimized with the Yoast SEO plugin v27.3 - https:\/\/yoast.com\/product\/yoast-seo-wordpress\/ -->\n<title>Alzheimer&#039;s\/Dementia - Neuropsychiatric Research Center of Southwest Florida<\/title>\n<meta name=\"robots\" content=\"index, follow, max-snippet:-1, max-image-preview:large, max-video-preview:-1\" \/>\n<link rel=\"canonical\" href=\"https:\/\/nprc-swfl.com\/es\/alzheimer-s-diseasedementias\/\" \/>\n<meta property=\"og:locale\" content=\"es_MX\" \/>\n<meta property=\"og:type\" content=\"article\" \/>\n<meta property=\"og:title\" content=\"Alzheimer&#039;s\/Dementia - Neuropsychiatric Research Center of Southwest Florida\" \/>\n<meta property=\"og:description\" content=\"Alzheimer&#8217;s\/Dementia Alzheimer&#8217;s disease typically progresses slowly in three general stages \u2014 mild (early-stage), moderate (middle-stage), and severe (late-stage). Overview of disease progression The symptoms of Alzheimer&#8217;s disease worsen over time, although the rate at which the disease progresses varies. On average, a person with Alzheimer&#8217;s lives four to eight years after diagnosis, but can live ... Read more\" \/>\n<meta property=\"og:url\" content=\"https:\/\/nprc-swfl.com\/es\/alzheimer-s-diseasedementias\/\" \/>\n<meta property=\"og:site_name\" content=\"Neuropsychiatric Research Center of Southwest Florida\" \/>\n<meta property=\"article:modified_time\" content=\"2022-02-03T23:34:52+00:00\" \/>\n<meta name=\"twitter:card\" content=\"summary_large_image\" \/>\n<meta name=\"twitter:label1\" content=\"Tiempo de lectura\" \/>\n\t<meta name=\"twitter:data1\" content=\"3 minutos\" \/>\n<script type=\"application\/ld+json\" class=\"yoast-schema-graph\">{\"@context\":\"https:\\\/\\\/schema.org\",\"@graph\":[{\"@type\":\"WebPage\",\"@id\":\"https:\\\/\\\/nprc-swfl.com\\\/alzheimer-s-diseasedementias\\\/\",\"url\":\"https:\\\/\\\/nprc-swfl.com\\\/alzheimer-s-diseasedementias\\\/\",\"name\":\"Alzheimer's\\\/Dementia - Neuropsychiatric Research Center of Southwest Florida\",\"isPartOf\":{\"@id\":\"https:\\\/\\\/nprc-swfl.com\\\/#website\"},\"datePublished\":\"2021-04-06T22:00:08+00:00\",\"dateModified\":\"2022-02-03T23:34:52+00:00\",\"breadcrumb\":{\"@id\":\"https:\\\/\\\/nprc-swfl.com\\\/alzheimer-s-diseasedementias\\\/#breadcrumb\"},\"inLanguage\":\"es\",\"potentialAction\":[{\"@type\":\"ReadAction\",\"target\":[\"https:\\\/\\\/nprc-swfl.com\\\/alzheimer-s-diseasedementias\\\/\"]}]},{\"@type\":\"BreadcrumbList\",\"@id\":\"https:\\\/\\\/nprc-swfl.com\\\/alzheimer-s-diseasedementias\\\/#breadcrumb\",\"itemListElement\":[{\"@type\":\"ListItem\",\"position\":1,\"name\":\"Home\",\"item\":\"https:\\\/\\\/nprc-swfl.com\\\/\"},{\"@type\":\"ListItem\",\"position\":2,\"name\":\"Alzheimer&#8217;s\\\/Dementia\"}]},{\"@type\":\"WebSite\",\"@id\":\"https:\\\/\\\/nprc-swfl.com\\\/#website\",\"url\":\"https:\\\/\\\/nprc-swfl.com\\\/\",\"name\":\"Neuropsychiatric Research Center of Southwest Florida\",\"description\":\"Alzheimer\u2019s Clinical research in Fort Myers, FL\",\"publisher\":{\"@id\":\"https:\\\/\\\/nprc-swfl.com\\\/#organization\"},\"potentialAction\":[{\"@type\":\"SearchAction\",\"target\":{\"@type\":\"EntryPoint\",\"urlTemplate\":\"https:\\\/\\\/nprc-swfl.com\\\/?s={search_term_string}\"},\"query-input\":{\"@type\":\"PropertyValueSpecification\",\"valueRequired\":true,\"valueName\":\"search_term_string\"}}],\"inLanguage\":\"es\"},{\"@type\":\"Organization\",\"@id\":\"https:\\\/\\\/nprc-swfl.com\\\/#organization\",\"name\":\"Neuropsychiatric Research Center of Southwest Florida\",\"url\":\"https:\\\/\\\/nprc-swfl.com\\\/\",\"logo\":{\"@type\":\"ImageObject\",\"inLanguage\":\"es\",\"@id\":\"https:\\\/\\\/nprc-swfl.com\\\/#\\\/schema\\\/logo\\\/image\\\/\",\"url\":\"https:\\\/\\\/nprc-swfl.com\\\/wp-content\\\/uploads\\\/2020\\\/11\\\/NPRC-LOGO.webp\",\"contentUrl\":\"https:\\\/\\\/nprc-swfl.com\\\/wp-content\\\/uploads\\\/2020\\\/11\\\/NPRC-LOGO.webp\",\"width\":709,\"height\":241,\"caption\":\"Neuropsychiatric Research Center of Southwest Florida\"},\"image\":{\"@id\":\"https:\\\/\\\/nprc-swfl.com\\\/#\\\/schema\\\/logo\\\/image\\\/\"}}]}<\/script>\n<!-- \/ Yoast SEO plugin. -->","yoast_head_json":{"title":"Alzheimer's\/Dementia - Neuropsychiatric Research Center of Southwest Florida","robots":{"index":"index","follow":"follow","max-snippet":"max-snippet:-1","max-image-preview":"max-image-preview:large","max-video-preview":"max-video-preview:-1"},"canonical":"https:\/\/nprc-swfl.com\/es\/alzheimer-s-diseasedementias\/","og_locale":"es_MX","og_type":"article","og_title":"Alzheimer's\/Dementia - Neuropsychiatric Research Center of Southwest Florida","og_description":"Alzheimer&#8217;s\/Dementia Alzheimer&#8217;s disease typically progresses slowly in three general stages \u2014 mild (early-stage), moderate (middle-stage), and severe (late-stage). Overview of disease progression The symptoms of Alzheimer&#8217;s disease worsen over time, although the rate at which the disease progresses varies. On average, a person with Alzheimer&#8217;s lives four to eight years after diagnosis, but can live ... Read more","og_url":"https:\/\/nprc-swfl.com\/es\/alzheimer-s-diseasedementias\/","og_site_name":"Neuropsychiatric Research Center of Southwest Florida","article_modified_time":"2022-02-03T23:34:52+00:00","twitter_card":"summary_large_image","twitter_misc":{"Tiempo de lectura":"3 minutos"},"schema":{"@context":"https:\/\/schema.org","@graph":[{"@type":"WebPage","@id":"https:\/\/nprc-swfl.com\/alzheimer-s-diseasedementias\/","url":"https:\/\/nprc-swfl.com\/alzheimer-s-diseasedementias\/","name":"Alzheimer's\/Dementia - Neuropsychiatric Research Center of Southwest Florida","isPartOf":{"@id":"https:\/\/nprc-swfl.com\/#website"},"datePublished":"2021-04-06T22:00:08+00:00","dateModified":"2022-02-03T23:34:52+00:00","breadcrumb":{"@id":"https:\/\/nprc-swfl.com\/alzheimer-s-diseasedementias\/#breadcrumb"},"inLanguage":"es","potentialAction":[{"@type":"ReadAction","target":["https:\/\/nprc-swfl.com\/alzheimer-s-diseasedementias\/"]}]},{"@type":"BreadcrumbList","@id":"https:\/\/nprc-swfl.com\/alzheimer-s-diseasedementias\/#breadcrumb","itemListElement":[{"@type":"ListItem","position":1,"name":"Home","item":"https:\/\/nprc-swfl.com\/"},{"@type":"ListItem","position":2,"name":"Alzheimer&#8217;s\/Dementia"}]},{"@type":"WebSite","@id":"https:\/\/nprc-swfl.com\/#website","url":"https:\/\/nprc-swfl.com\/","name":"Centro de Investigaci\u00f3n Neuropsiqui\u00e1trica del Suroeste de Florida","description":"Investigaci\u00f3n cl\u00ednica sobre el Alzheimer en Fort Myers, Florida","publisher":{"@id":"https:\/\/nprc-swfl.com\/#organization"},"potentialAction":[{"@type":"SearchAction","target":{"@type":"EntryPoint","urlTemplate":"https:\/\/nprc-swfl.com\/?s={search_term_string}"},"query-input":{"@type":"PropertyValueSpecification","valueRequired":true,"valueName":"search_term_string"}}],"inLanguage":"es"},{"@type":"Organization","@id":"https:\/\/nprc-swfl.com\/#organization","name":"Centro de Investigaci\u00f3n Neuropsiqui\u00e1trica del Suroeste de Florida","url":"https:\/\/nprc-swfl.com\/","logo":{"@type":"ImageObject","inLanguage":"es","@id":"https:\/\/nprc-swfl.com\/#\/schema\/logo\/image\/","url":"https:\/\/nprc-swfl.com\/wp-content\/uploads\/2020\/11\/NPRC-LOGO.webp","contentUrl":"https:\/\/nprc-swfl.com\/wp-content\/uploads\/2020\/11\/NPRC-LOGO.webp","width":709,"height":241,"caption":"Neuropsychiatric Research Center of Southwest Florida"},"image":{"@id":"https:\/\/nprc-swfl.com\/#\/schema\/logo\/image\/"}}]}},"_links":{"self":[{"href":"https:\/\/nprc-swfl.com\/es\/wp-json\/wp\/v2\/pages\/358","targetHints":{"allow":["GET"]}}],"collection":[{"href":"https:\/\/nprc-swfl.com\/es\/wp-json\/wp\/v2\/pages"}],"about":[{"href":"https:\/\/nprc-swfl.com\/es\/wp-json\/wp\/v2\/types\/page"}],"author":[{"embeddable":true,"href":"https:\/\/nprc-swfl.com\/es\/wp-json\/wp\/v2\/users\/1"}],"replies":[{"embeddable":true,"href":"https:\/\/nprc-swfl.com\/es\/wp-json\/wp\/v2\/comments?post=358"}],"version-history":[{"count":0,"href":"https:\/\/nprc-swfl.com\/es\/wp-json\/wp\/v2\/pages\/358\/revisions"}],"wp:attachment":[{"href":"https:\/\/nprc-swfl.com\/es\/wp-json\/wp\/v2\/media?parent=358"}],"curies":[{"name":"gracias","href":"https:\/\/api.w.org\/{rel}","templated":true}]}}