{"id":18,"date":"2020-11-16T19:10:41","date_gmt":"2020-11-16T19:10:41","guid":{"rendered":"http:\/\/nprcpro.wpengine.com\/?page_id=18"},"modified":"2026-04-16T23:11:31","modified_gmt":"2026-04-16T23:11:31","slug":"studies","status":"publish","type":"page","link":"https:\/\/nprc-swfl.com\/es\/studies\/","title":{"rendered":"Estudios de matr\u00edcula actual"},"content":{"rendered":"<div data-elementor-type=\"wp-page\" data-elementor-id=\"18\" class=\"elementor elementor-18\" data-elementor-post-type=\"page\">\n\t\t\t\t<div class=\"elementor-element elementor-element-38bf0d2 e-flex e-con-boxed e-con e-parent\" data-id=\"38bf0d2\" data-element_type=\"container\" data-e-type=\"container\">\n\t\t\t\t\t<div class=\"e-con-inner\">\n\t\t\t\t<div class=\"elementor-element elementor-element-c357daa elementor-widget elementor-widget-html\" data-id=\"c357daa\" data-element_type=\"widget\" data-e-type=\"widget\" data-widget_type=\"html.default\">\n\t\t\t\t\t<script type=\"text\/javascript\" src=\"https:\/\/realtime-host01.com\/erg-nprc\/web\/v1\/embed\"><\/script>\t\t\t\t<\/div>\n\t\t\t\t\t<\/div>\n\t\t\t\t<\/div>\n\t\t<div class=\"elementor-element elementor-element-37f47ed e-flex e-con-boxed e-con e-parent\" data-id=\"37f47ed\" data-element_type=\"container\" data-e-type=\"container\">\n\t\t\t\t\t<div class=\"e-con-inner\">\n\t\t<div class=\"elementor-element elementor-element-835f4de e-con-full e-flex e-con e-child\" data-id=\"835f4de\" data-element_type=\"container\" data-e-type=\"container\">\n\t\t\t\t<div class=\"elementor-element elementor-element-9da83f5 elementor-widget elementor-widget-heading\" data-id=\"9da83f5\" data-element_type=\"widget\" data-e-type=\"widget\" data-widget_type=\"heading.default\">\n\t\t\t\t\t<h3 class=\"elementor-heading-title elementor-size-default\"><h2 class=\"elementor-heading-title elementor-size-default elementor-inline-editing pen\" data-elementor-setting-key=\"title\" data-pen-placeholder=\"Type Here...\" style=\"font-style: normal\">\u00a1Gracias!<br><\/h2><\/h3>\t\t\t\t<\/div>\n\t\t\t\t<div class=\"elementor-element elementor-element-ad7d205 elementor-widget elementor-widget-text-editor\" data-id=\"ad7d205\" data-element_type=\"widget\" data-e-type=\"widget\" data-widget_type=\"text-editor.default\">\n\t\t\t\t\t\t\t\t\t<p>Recientemente, gracias a todos nuestros voluntarios y personal, hemos podido contribuir con investigaciones pioneras en la lucha contra el Alzheimer. \u00a1Agradecemos a todos los que han participado en nuestros ensayos cl\u00ednicos y lo han hecho posible! Lea m\u00e1s sobre la historia a continuaci\u00f3n.<\/p>\t\t\t\t\t\t\t\t<\/div>\n\t\t\t\t<\/div>\n\t\t\t\t\t<\/div>\n\t\t\t\t<\/div>\n\t\t<div class=\"elementor-element elementor-element-6f08623 e-flex e-con-boxed e-con e-parent\" data-id=\"6f08623\" data-element_type=\"container\" data-e-type=\"container\">\n\t\t\t\t\t<div class=\"e-con-inner\">\n\t\t<div class=\"elementor-element elementor-element-c05849f e-con-full e-flex e-con e-child\" data-id=\"c05849f\" data-element_type=\"container\" data-e-type=\"container\">\n\t\t\t\t<div class=\"elementor-element elementor-element-543993f elementor-widget elementor-widget-heading\" data-id=\"543993f\" data-element_type=\"widget\" data-e-type=\"widget\" data-widget_type=\"heading.default\">\n\t\t\t\t\t<h3 class=\"elementor-heading-title elementor-size-default\">Kisunla\u2122 (donanemab-azbt) de Lilly aprobado por la FDA para el tratamiento de la enfermedad de Alzheimer sintom\u00e1tica temprana<\/h3>\t\t\t\t<\/div>\n\t\t\t\t<div class=\"elementor-element elementor-element-6a3c534 elementor-widget elementor-widget-text-editor\" data-id=\"6a3c534\" data-element_type=\"widget\" data-e-type=\"widget\" data-widget_type=\"text-editor.default\">\n\t\t\t\t\t\t\t\t\t<p>\u201cKisunla demostr\u00f3 resultados muy significativos para personas con Alzheimer sintom\u00e1tico temprano, quienes necesitan urgentemente opciones de tratamiento efectivas. Sabemos que estos medicamentos tienen el mayor beneficio potencial cuando las personas reciben tratamiento en las etapas m\u00e1s tempranas de su enfermedad, y estamos trabajando arduamente en colaboraci\u00f3n con otros para mejorar la detecci\u00f3n y el diagn\u00f3stico\u201d, declar\u00f3 Anne White, vicepresidenta ejecutiva y presidenta de Lilly Neuroscience, Eli Lilly and Company. \u201cNuestro m\u00e1s sincero agradecimiento a los pacientes y sus seres queridos por participar en nuestros programas cl\u00ednicos, y a los cient\u00edficos y colaboradores de Lilly que perseveran durante d\u00e9cadas de investigaci\u00f3n. Cada a\u00f1o, m\u00e1s personas corren el riesgo de padecer esta enfermedad, y estamos decididos a mejorar su vida\u201d.<\/p>\t\t\t\t\t\t\t\t<\/div>\n\t\t\t\t<div class=\"elementor-element elementor-element-58b2327 elementor-widget elementor-widget-button\" data-id=\"58b2327\" data-element_type=\"widget\" data-e-type=\"widget\" data-widget_type=\"button.default\">\n\t\t\t\t\t\t\t\t\t\t<a class=\"elementor-button elementor-button-link elementor-size-sm\" href=\"https:\/\/www.prnewswire.com\/news-releases\/lillys-kisunla-donanemab-azbt-approved-by-the-fda-for-the-treatment-of-early-symptomatic-alzheimers-disease-302188299.html\">\n\t\t\t\t\t\t<span class=\"elementor-button-content-wrapper\">\n\t\t\t\t\t\t\t\t\t<span class=\"elementor-button-text\">Leer m\u00e1s<\/span>\n\t\t\t\t\t<\/span>\n\t\t\t\t\t<\/a>\n\t\t\t\t\t\t\t\t<\/div>\n\t\t\t\t<\/div>\n\t\t\t\t\t<\/div>\n\t\t\t\t<\/div>\n\t\t<div class=\"elementor-element elementor-element-d2ce7bb e-flex e-con-boxed e-con e-parent\" data-id=\"d2ce7bb\" data-element_type=\"container\" data-e-type=\"container\">\n\t\t\t\t\t<div class=\"e-con-inner\">\n\t\t<div class=\"elementor-element elementor-element-881a921 e-con-full e-flex e-con e-child\" data-id=\"881a921\" data-element_type=\"container\" data-e-type=\"container\">\n\t\t\t\t<div class=\"elementor-element elementor-element-b08f69e elementor-widget elementor-widget-heading\" data-id=\"b08f69e\" data-element_type=\"widget\" data-e-type=\"widget\" data-widget_type=\"heading.default\">\n\t\t\t\t\t<h3 class=\"elementor-heading-title elementor-size-default\">La Asociaci\u00f3n de Alzheimer celebra la aprobaci\u00f3n de Kisunla (Donanemab) por parte de la FDA estadounidense.\n<\/h3>\t\t\t\t<\/div>\n\t\t\t\t<div class=\"elementor-element elementor-element-2cefaff elementor-widget elementor-widget-text-editor\" data-id=\"2cefaff\" data-element_type=\"widget\" data-e-type=\"widget\" data-widget_type=\"text-editor.default\">\n\t\t\t\t\t\t\t\t\t<p>\u201cEste es un verdadero avance. La aprobaci\u00f3n de hoy ofrece a las personas m\u00e1s opciones y m\u00e1s oportunidades para tener m\u00e1s tiempo\u201d, afirm\u00f3 Joanne Pike, Dra. en Salud P\u00fablica, presidenta y directora ejecutiva de la Asociaci\u00f3n de Alzheimer. \u201cDisponer de m\u00faltiples opciones de tratamiento es el tipo de avance que todos est\u00e1bamos esperando, todos los que hemos sido afectados, incluso sorprendidos, por esta dif\u00edcil y devastadora enfermedad\u201d.<\/p>\t\t\t\t\t\t\t\t<\/div>\n\t\t\t\t<div class=\"elementor-element elementor-element-96fea42 elementor-widget elementor-widget-button\" data-id=\"96fea42\" data-element_type=\"widget\" data-e-type=\"widget\" data-widget_type=\"button.default\">\n\t\t\t\t\t\t\t\t\t\t<a class=\"elementor-button elementor-button-link elementor-size-sm\" href=\"https:\/\/www.alz.org\/news\/2024\/fda-approve-kisunla-donanemab-alzheimers-treatment\">\n\t\t\t\t\t\t<span class=\"elementor-button-content-wrapper\">\n\t\t\t\t\t\t\t\t\t<span class=\"elementor-button-text\">Leer m\u00e1s<\/span>\n\t\t\t\t\t<\/span>\n\t\t\t\t\t<\/a>\n\t\t\t\t\t\t\t\t<\/div>\n\t\t\t\t<\/div>\n\t\t\t\t\t<\/div>\n\t\t\t\t<\/div>\n\t\t\t\t<\/div>","protected":false},"excerpt":{"rendered":"<p>\u00a1Gracias! Recientemente, gracias a todos nuestros voluntarios y personal, hemos podido contribuir con investigaciones pioneras en la lucha contra el Alzheimer. \u00a1Agradecemos a todos los que han participado en nuestros ensayos cl\u00ednicos, lo que lo hace posible! Lea m\u00e1s sobre la historia a continuaci\u00f3n. Kisunla\u2122 (donanemab-azbt) de Lilly, aprobado\u2026 <\/p>\n<p class=\"read-more-container\"><a title=\"Estudios de matr\u00edcula actual\" class=\"read-more button\" href=\"https:\/\/nprc-swfl.com\/es\/studies\/#more-18\" aria-label=\"Leer m\u00e1s sobre Estudios actualmente cursando\">Leer m\u00e1s<\/a><\/p>","protected":false},"author":1,"featured_media":0,"parent":0,"menu_order":0,"comment_status":"closed","ping_status":"closed","template":"","meta":{"footnotes":""},"class_list":["post-18","page","type-page","status-publish"],"yoast_head":"<!-- This site is optimized with the Yoast SEO plugin v27.4 - https:\/\/yoast.com\/product\/yoast-seo-wordpress\/ -->\n<title>Currently Enrolling Studies - Neuropsychiatric Research Center of Southwest Florida<\/title>\n<meta name=\"robots\" content=\"index, follow, max-snippet:-1, max-image-preview:large, max-video-preview:-1\" \/>\n<link rel=\"canonical\" href=\"https:\/\/nprc-swfl.com\/es\/studies\/\" \/>\n<meta property=\"og:locale\" content=\"es_MX\" \/>\n<meta property=\"og:type\" content=\"article\" \/>\n<meta property=\"og:title\" content=\"Currently Enrolling Studies - Neuropsychiatric Research Center of Southwest Florida\" \/>\n<meta property=\"og:description\" content=\"Thank You! Recently, thanks to all of our volunteers and staff, we have been able to contribute groundbreaking research in the fight against Alzheimer&#8217;s disease. We would like to thank all of you who have participated in any of our clinical trials, making this possible! Read more of the story below. Lilly&#8217;s Kisunla\u2122 (donanemab-azbt) Approved ... Read more\" \/>\n<meta property=\"og:url\" content=\"https:\/\/nprc-swfl.com\/es\/studies\/\" \/>\n<meta property=\"og:site_name\" content=\"Neuropsychiatric Research Center of Southwest Florida\" \/>\n<meta property=\"article:modified_time\" content=\"2026-04-16T23:11:31+00:00\" \/>\n<meta name=\"twitter:card\" content=\"summary_large_image\" \/>\n<meta name=\"twitter:label1\" content=\"Tiempo de lectura\" \/>\n\t<meta name=\"twitter:data1\" content=\"2 minutos\" \/>\n<script type=\"application\/ld+json\" class=\"yoast-schema-graph\">{\"@context\":\"https:\\\/\\\/schema.org\",\"@graph\":[{\"@type\":\"WebPage\",\"@id\":\"https:\\\/\\\/nprc-swfl.com\\\/studies\\\/\",\"url\":\"https:\\\/\\\/nprc-swfl.com\\\/studies\\\/\",\"name\":\"Currently Enrolling Studies - Neuropsychiatric Research Center of Southwest Florida\",\"isPartOf\":{\"@id\":\"https:\\\/\\\/nprc-swfl.com\\\/#website\"},\"datePublished\":\"2020-11-16T19:10:41+00:00\",\"dateModified\":\"2026-04-16T23:11:31+00:00\",\"breadcrumb\":{\"@id\":\"https:\\\/\\\/nprc-swfl.com\\\/studies\\\/#breadcrumb\"},\"inLanguage\":\"es\",\"potentialAction\":[{\"@type\":\"ReadAction\",\"target\":[\"https:\\\/\\\/nprc-swfl.com\\\/studies\\\/\"]}]},{\"@type\":\"BreadcrumbList\",\"@id\":\"https:\\\/\\\/nprc-swfl.com\\\/studies\\\/#breadcrumb\",\"itemListElement\":[{\"@type\":\"ListItem\",\"position\":1,\"name\":\"Home\",\"item\":\"https:\\\/\\\/nprc-swfl.com\\\/\"},{\"@type\":\"ListItem\",\"position\":2,\"name\":\"Currently Enrolling Studies\"}]},{\"@type\":\"WebSite\",\"@id\":\"https:\\\/\\\/nprc-swfl.com\\\/#website\",\"url\":\"https:\\\/\\\/nprc-swfl.com\\\/\",\"name\":\"Neuropsychiatric Research Center of Southwest Florida\",\"description\":\"Alzheimer\u2019s Clinical research in Fort Myers, FL\",\"publisher\":{\"@id\":\"https:\\\/\\\/nprc-swfl.com\\\/#organization\"},\"potentialAction\":[{\"@type\":\"SearchAction\",\"target\":{\"@type\":\"EntryPoint\",\"urlTemplate\":\"https:\\\/\\\/nprc-swfl.com\\\/?s={search_term_string}\"},\"query-input\":{\"@type\":\"PropertyValueSpecification\",\"valueRequired\":true,\"valueName\":\"search_term_string\"}}],\"inLanguage\":\"es\"},{\"@type\":\"Organization\",\"@id\":\"https:\\\/\\\/nprc-swfl.com\\\/#organization\",\"name\":\"Neuropsychiatric Research Center of Southwest Florida\",\"url\":\"https:\\\/\\\/nprc-swfl.com\\\/\",\"logo\":{\"@type\":\"ImageObject\",\"inLanguage\":\"es\",\"@id\":\"https:\\\/\\\/nprc-swfl.com\\\/#\\\/schema\\\/logo\\\/image\\\/\",\"url\":\"https:\\\/\\\/nprc-swfl.com\\\/wp-content\\\/uploads\\\/2020\\\/11\\\/NPRC-LOGO.webp\",\"contentUrl\":\"https:\\\/\\\/nprc-swfl.com\\\/wp-content\\\/uploads\\\/2020\\\/11\\\/NPRC-LOGO.webp\",\"width\":709,\"height\":241,\"caption\":\"Neuropsychiatric Research Center of Southwest Florida\"},\"image\":{\"@id\":\"https:\\\/\\\/nprc-swfl.com\\\/#\\\/schema\\\/logo\\\/image\\\/\"}}]}<\/script>\n<!-- \/ Yoast SEO plugin. -->","yoast_head_json":{"title":"Estudios actualmente en proceso de inscripci\u00f3n - Centro de Investigaci\u00f3n Neuropsiqui\u00e1trica del Suroeste de Florida","robots":{"index":"index","follow":"follow","max-snippet":"max-snippet:-1","max-image-preview":"max-image-preview:large","max-video-preview":"max-video-preview:-1"},"canonical":"https:\/\/nprc-swfl.com\/es\/studies\/","og_locale":"es_MX","og_type":"article","og_title":"Currently Enrolling Studies - Neuropsychiatric Research Center of Southwest Florida","og_description":"Thank You! Recently, thanks to all of our volunteers and staff, we have been able to contribute groundbreaking research in the fight against Alzheimer&#8217;s disease. We would like to thank all of you who have participated in any of our clinical trials, making this possible! Read more of the story below. Lilly&#8217;s Kisunla\u2122 (donanemab-azbt) Approved ... Read more","og_url":"https:\/\/nprc-swfl.com\/es\/studies\/","og_site_name":"Neuropsychiatric Research Center of Southwest Florida","article_modified_time":"2026-04-16T23:11:31+00:00","twitter_card":"summary_large_image","twitter_misc":{"Tiempo de lectura":"2 minutos"},"schema":{"@context":"https:\/\/schema.org","@graph":[{"@type":"WebPage","@id":"https:\/\/nprc-swfl.com\/studies\/","url":"https:\/\/nprc-swfl.com\/studies\/","name":"Estudios actualmente en proceso de inscripci\u00f3n - Centro de Investigaci\u00f3n Neuropsiqui\u00e1trica del Suroeste de Florida","isPartOf":{"@id":"https:\/\/nprc-swfl.com\/#website"},"datePublished":"2020-11-16T19:10:41+00:00","dateModified":"2026-04-16T23:11:31+00:00","breadcrumb":{"@id":"https:\/\/nprc-swfl.com\/studies\/#breadcrumb"},"inLanguage":"es","potentialAction":[{"@type":"ReadAction","target":["https:\/\/nprc-swfl.com\/studies\/"]}]},{"@type":"BreadcrumbList","@id":"https:\/\/nprc-swfl.com\/studies\/#breadcrumb","itemListElement":[{"@type":"ListItem","position":1,"name":"Home","item":"https:\/\/nprc-swfl.com\/"},{"@type":"ListItem","position":2,"name":"Currently Enrolling Studies"}]},{"@type":"WebSite","@id":"https:\/\/nprc-swfl.com\/#website","url":"https:\/\/nprc-swfl.com\/","name":"Centro de Investigaci\u00f3n Neuropsiqui\u00e1trica del Suroeste de Florida","description":"Investigaci\u00f3n cl\u00ednica sobre el Alzheimer en Fort Myers, Florida","publisher":{"@id":"https:\/\/nprc-swfl.com\/#organization"},"potentialAction":[{"@type":"SearchAction","target":{"@type":"EntryPoint","urlTemplate":"https:\/\/nprc-swfl.com\/?s={search_term_string}"},"query-input":{"@type":"PropertyValueSpecification","valueRequired":true,"valueName":"search_term_string"}}],"inLanguage":"es"},{"@type":"Organization","@id":"https:\/\/nprc-swfl.com\/#organization","name":"Centro de Investigaci\u00f3n Neuropsiqui\u00e1trica del Suroeste de Florida","url":"https:\/\/nprc-swfl.com\/","logo":{"@type":"ImageObject","inLanguage":"es","@id":"https:\/\/nprc-swfl.com\/#\/schema\/logo\/image\/","url":"https:\/\/nprc-swfl.com\/wp-content\/uploads\/2020\/11\/NPRC-LOGO.webp","contentUrl":"https:\/\/nprc-swfl.com\/wp-content\/uploads\/2020\/11\/NPRC-LOGO.webp","width":709,"height":241,"caption":"Neuropsychiatric Research Center of Southwest Florida"},"image":{"@id":"https:\/\/nprc-swfl.com\/#\/schema\/logo\/image\/"}}]}},"_links":{"self":[{"href":"https:\/\/nprc-swfl.com\/es\/wp-json\/wp\/v2\/pages\/18","targetHints":{"allow":["GET"]}}],"collection":[{"href":"https:\/\/nprc-swfl.com\/es\/wp-json\/wp\/v2\/pages"}],"about":[{"href":"https:\/\/nprc-swfl.com\/es\/wp-json\/wp\/v2\/types\/page"}],"author":[{"embeddable":true,"href":"https:\/\/nprc-swfl.com\/es\/wp-json\/wp\/v2\/users\/1"}],"replies":[{"embeddable":true,"href":"https:\/\/nprc-swfl.com\/es\/wp-json\/wp\/v2\/comments?post=18"}],"version-history":[{"count":0,"href":"https:\/\/nprc-swfl.com\/es\/wp-json\/wp\/v2\/pages\/18\/revisions"}],"wp:attachment":[{"href":"https:\/\/nprc-swfl.com\/es\/wp-json\/wp\/v2\/media?parent=18"}],"curies":[{"name":"gracias","href":"https:\/\/api.w.org\/{rel}","templated":true}]}}