{"id":17,"date":"2020-11-16T19:09:47","date_gmt":"2020-11-16T19:09:47","guid":{"rendered":"http:\/\/nprcpro.wpengine.com\/?page_id=17"},"modified":"2024-12-05T18:08:36","modified_gmt":"2024-12-05T18:08:36","slug":"our-team","status":"publish","type":"page","link":"https:\/\/nprc-swfl.com\/es\/about\/our-team\/","title":{"rendered":"Historias de pacientes"},"content":{"rendered":"\t\t<div data-elementor-type=\"wp-page\" data-elementor-id=\"17\" class=\"elementor elementor-17\" data-elementor-post-type=\"page\">\n\t\t\t\t\t\t<section class=\"elementor-section elementor-top-section elementor-element elementor-element-d3fcc69 elementor-section-stretched elementor-section-height-min-height elementor-section-boxed elementor-section-height-default elementor-section-items-middle\" data-id=\"d3fcc69\" data-element_type=\"section\" data-e-type=\"section\" data-settings=\"{&quot;stretch_section&quot;:&quot;section-stretched&quot;,&quot;background_background&quot;:&quot;classic&quot;,&quot;background_motion_fx_motion_fx_scrolling&quot;:&quot;yes&quot;,&quot;background_motion_fx_translateY_effect&quot;:&quot;yes&quot;,&quot;background_motion_fx_translateY_speed&quot;:{&quot;unit&quot;:&quot;px&quot;,&quot;size&quot;:4,&quot;sizes&quot;:[]},&quot;background_motion_fx_translateY_affectedRange&quot;:{&quot;unit&quot;:&quot;%&quot;,&quot;size&quot;:&quot;&quot;,&quot;sizes&quot;:{&quot;start&quot;:0,&quot;end&quot;:100}},&quot;background_motion_fx_devices&quot;:[&quot;desktop&quot;,&quot;tablet&quot;,&quot;mobile&quot;]}\">\n\t\t\t\t\t\t\t<div class=\"elementor-background-overlay\"><\/div>\n\t\t\t\t\t\t\t<div class=\"elementor-container elementor-column-gap-default\">\n\t\t\t\t\t<div class=\"elementor-column elementor-col-100 elementor-top-column elementor-element elementor-element-c37d9cb\" data-id=\"c37d9cb\" data-element_type=\"column\" data-e-type=\"column\">\n\t\t\t<div class=\"elementor-widget-wrap elementor-element-populated\">\n\t\t\t\t\t\t<div class=\"elementor-element elementor-element-d4a6458 elementor-widget elementor-widget-heading\" data-id=\"d4a6458\" data-element_type=\"widget\" data-e-type=\"widget\" data-widget_type=\"heading.default\">\n\t\t\t\t\t<h1 class=\"elementor-heading-title elementor-size-default\">Read Our Patient Stories <\/h1>\t\t\t\t<\/div>\n\t\t\t\t\t<\/div>\n\t\t<\/div>\n\t\t\t\t\t<\/div>\n\t\t<\/section>\n\t\t\t\t<section class=\"elementor-section elementor-top-section elementor-element elementor-element-7c62147 elementor-section-boxed elementor-section-height-default elementor-section-height-default\" data-id=\"7c62147\" data-element_type=\"section\" data-e-type=\"section\">\n\t\t\t\t\t\t<div class=\"elementor-container elementor-column-gap-narrow\">\n\t\t\t\t\t<div class=\"elementor-column elementor-col-50 elementor-top-column elementor-element elementor-element-3d20ee5\" data-id=\"3d20ee5\" data-element_type=\"column\" data-e-type=\"column\">\n\t\t\t<div class=\"elementor-widget-wrap elementor-element-populated\">\n\t\t\t\t\t\t<div class=\"elementor-element elementor-element-7a895f1 elementor-widget__width-initial elementor-widget-tablet__width-initial elementor-widget elementor-widget-image\" data-id=\"7a895f1\" data-element_type=\"widget\" data-e-type=\"widget\" data-widget_type=\"image.default\">\n\t\t\t\t\t\t\t\t\t\t\t\t\t\t\t<img fetchpriority=\"high\" decoding=\"async\" width=\"1536\" height=\"864\" src=\"https:\/\/nprc-swfl.com\/wp-content\/uploads\/2024\/12\/FOR-DIGITAL-CAROLYN00000000.webp\" class=\"attachment-full size-full wp-image-1005\" alt=\"\" srcset=\"https:\/\/nprc-swfl.com\/wp-content\/uploads\/2024\/12\/FOR-DIGITAL-CAROLYN00000000.webp 1536w, https:\/\/nprc-swfl.com\/wp-content\/uploads\/2024\/12\/FOR-DIGITAL-CAROLYN00000000-300x169.webp 300w, https:\/\/nprc-swfl.com\/wp-content\/uploads\/2024\/12\/FOR-DIGITAL-CAROLYN00000000-1024x576.webp 1024w, https:\/\/nprc-swfl.com\/wp-content\/uploads\/2024\/12\/FOR-DIGITAL-CAROLYN00000000-768x432.webp 768w\" sizes=\"(max-width: 1536px) 100vw, 1536px\" \/>\t\t\t\t\t\t\t\t\t\t\t\t\t\t\t<\/div>\n\t\t\t\t<div class=\"elementor-element elementor-element-37817db elementor-widget elementor-widget-heading\" data-id=\"37817db\" data-element_type=\"widget\" data-e-type=\"widget\" data-widget_type=\"heading.default\">\n\t\t\t\t\t<h3 class=\"elementor-heading-title elementor-size-default\">Carole and Hank Starks <\/h3>\t\t\t\t<\/div>\n\t\t\t\t<div class=\"elementor-element elementor-element-ec7177a elementor-widget elementor-widget-heading\" data-id=\"ec7177a\" data-element_type=\"widget\" data-e-type=\"widget\" data-widget_type=\"heading.default\">\n\t\t\t\t\t<h4 class=\"elementor-heading-title elementor-size-medium\">\n<\/h4>\t\t\t\t<\/div>\n\t\t\t\t<div class=\"elementor-element elementor-element-e26b2d6 elementor-align-center elementor-widget elementor-widget-button\" data-id=\"e26b2d6\" data-element_type=\"widget\" data-e-type=\"widget\" data-widget_type=\"button.default\">\n\t\t\t\t\t\t\t\t\t\t<a class=\"elementor-button elementor-button-link elementor-size-xs\" href=\"https:\/\/winknews.com\/2024\/10\/22\/vitamin-b1-may-help-alzheimers-patients-locals-involved-in-national-study\/?fbclid=IwZXh0bgNhZW0CMTAAAR3WwI99AwW6hv8AHFmWtR0x4rwKxOmY1SLSHWNdDzZHXlOHe97k0FaB_UQ_aem_FNNv4GCOEktTysN4xci9hA\">\n\t\t\t\t\t\t<span class=\"elementor-button-content-wrapper\">\n\t\t\t\t\t\t\t\t\t<span class=\"elementor-button-text\">Read Their Story<\/span>\n\t\t\t\t\t<\/span>\n\t\t\t\t\t<\/a>\n\t\t\t\t\t\t\t\t<\/div>\n\t\t\t\t\t<\/div>\n\t\t<\/div>\n\t\t\t\t<div class=\"elementor-column elementor-col-50 elementor-top-column elementor-element elementor-element-ea8d53c\" data-id=\"ea8d53c\" data-element_type=\"column\" data-e-type=\"column\">\n\t\t\t<div class=\"elementor-widget-wrap elementor-element-populated\">\n\t\t\t\t\t\t<div class=\"elementor-element elementor-element-2491688 elementor-widget__width-initial elementor-widget elementor-widget-image\" data-id=\"2491688\" data-element_type=\"widget\" data-e-type=\"widget\" data-widget_type=\"image.default\">\n\t\t\t\t\t\t\t\t\t\t\t\t\t\t\t<img decoding=\"async\" src=\"https:\/\/nprc-swfl.com\/wp-content\/uploads\/elementor\/thumbs\/Lee-Belanger-holds-a-blue-flower-to-represent-her-recent-Alzheimers-diagnosis.-She-walks-with-husband-Joe-Belanger.-1-1-qy2flmzroosqsb1y052ossomuvcbda3s1uak56dxzs.webp\" title=\"Lee-Belanger-holds-a-blue-flower-to-represent-her-recent-Alzheimers-diagnosis.-She-walks-with-husband-Joe-Belanger.-1-1\" alt=\"Lee-Belanger-holds-a-blue-flower-to-represent-her-recent-Alzheimers-diagnosis.-She-walks-with-husband-Joe-Belanger.-1-1\" loading=\"lazy\" \/>\t\t\t\t\t\t\t\t\t\t\t\t\t\t\t<\/div>\n\t\t\t\t<div class=\"elementor-element elementor-element-8cf77e8 elementor-widget elementor-widget-heading\" data-id=\"8cf77e8\" data-element_type=\"widget\" data-e-type=\"widget\" data-widget_type=\"heading.default\">\n\t\t\t\t\t<h3 class=\"elementor-heading-title elementor-size-default\">Lee Belanger<\/h3>\t\t\t\t<\/div>\n\t\t\t\t<div class=\"elementor-element elementor-element-e908f61 elementor-align-center elementor-widget elementor-widget-button\" data-id=\"e908f61\" data-element_type=\"widget\" data-e-type=\"widget\" data-widget_type=\"button.default\">\n\t\t\t\t\t\t\t\t\t\t<a class=\"elementor-button elementor-button-link elementor-size-xs\" href=\"https:\/\/alzmindfl.org\/2024\/06\/10\/what-i-did-after-my-alzheimers-diagnosis-3-tips-from-someone-who-has-been-there\/\">\n\t\t\t\t\t\t<span class=\"elementor-button-content-wrapper\">\n\t\t\t\t\t\t\t\t\t<span class=\"elementor-button-text\">Read Thier Story<\/span>\n\t\t\t\t\t<\/span>\n\t\t\t\t\t<\/a>\n\t\t\t\t\t\t\t\t<\/div>\n\t\t\t\t\t<\/div>\n\t\t<\/div>\n\t\t\t\t\t<\/div>\n\t\t<\/section>\n\t\t\t\t<\/div>\n\t\t","protected":false},"excerpt":{"rendered":"<p>Lea las historias de nuestros pacientes Carole y Hank Starks Lea su historia Lee Belanger Lea su historia<\/p>","protected":false},"author":1,"featured_media":0,"parent":16,"menu_order":0,"comment_status":"closed","ping_status":"closed","template":"","meta":{"footnotes":""},"class_list":["post-17","page","type-page","status-publish"],"yoast_head":"<!-- This site is optimized with the Yoast SEO plugin v27.4 - https:\/\/yoast.com\/product\/yoast-seo-wordpress\/ -->\n<title>Patient Stories - Neuropsychiatric Research Center of Southwest Florida<\/title>\n<meta name=\"robots\" content=\"index, follow, max-snippet:-1, max-image-preview:large, max-video-preview:-1\" \/>\n<link rel=\"canonical\" href=\"https:\/\/nprc-swfl.com\/es\/about\/our-team\/\" \/>\n<meta property=\"og:locale\" content=\"es_MX\" \/>\n<meta property=\"og:type\" content=\"article\" \/>\n<meta property=\"og:title\" content=\"Patient Stories - Neuropsychiatric Research Center of Southwest Florida\" \/>\n<meta property=\"og:description\" content=\"Read Our Patient Stories Carole and Hank Starks Read Their Story Lee Belanger Read Thier Story\" \/>\n<meta property=\"og:url\" content=\"https:\/\/nprc-swfl.com\/es\/about\/our-team\/\" \/>\n<meta property=\"og:site_name\" content=\"Neuropsychiatric Research Center of Southwest Florida\" \/>\n<meta property=\"article:modified_time\" content=\"2024-12-05T18:08:36+00:00\" \/>\n<meta property=\"og:image\" content=\"https:\/\/nprc-swfl.com\/wp-content\/uploads\/2024\/12\/FOR-DIGITAL-CAROLYN00000000.webp\" \/>\n\t<meta property=\"og:image:width\" content=\"1536\" \/>\n\t<meta property=\"og:image:height\" content=\"864\" \/>\n\t<meta property=\"og:image:type\" content=\"image\/webp\" \/>\n<meta name=\"twitter:card\" content=\"summary_large_image\" \/>\n<meta name=\"twitter:label1\" content=\"Tiempo de lectura\" \/>\n\t<meta name=\"twitter:data1\" content=\"1 minuto\" \/>\n<script type=\"application\/ld+json\" class=\"yoast-schema-graph\">{\"@context\":\"https:\\\/\\\/schema.org\",\"@graph\":[{\"@type\":\"WebPage\",\"@id\":\"https:\\\/\\\/nprc-swfl.com\\\/about\\\/our-team\\\/\",\"url\":\"https:\\\/\\\/nprc-swfl.com\\\/about\\\/our-team\\\/\",\"name\":\"Patient Stories - Neuropsychiatric Research Center of Southwest Florida\",\"isPartOf\":{\"@id\":\"https:\\\/\\\/nprc-swfl.com\\\/#website\"},\"primaryImageOfPage\":{\"@id\":\"https:\\\/\\\/nprc-swfl.com\\\/about\\\/our-team\\\/#primaryimage\"},\"image\":{\"@id\":\"https:\\\/\\\/nprc-swfl.com\\\/about\\\/our-team\\\/#primaryimage\"},\"thumbnailUrl\":\"https:\\\/\\\/nprc-swfl.com\\\/wp-content\\\/uploads\\\/2024\\\/12\\\/FOR-DIGITAL-CAROLYN00000000.webp\",\"datePublished\":\"2020-11-16T19:09:47+00:00\",\"dateModified\":\"2024-12-05T18:08:36+00:00\",\"breadcrumb\":{\"@id\":\"https:\\\/\\\/nprc-swfl.com\\\/about\\\/our-team\\\/#breadcrumb\"},\"inLanguage\":\"es\",\"potentialAction\":[{\"@type\":\"ReadAction\",\"target\":[\"https:\\\/\\\/nprc-swfl.com\\\/about\\\/our-team\\\/\"]}]},{\"@type\":\"ImageObject\",\"inLanguage\":\"es\",\"@id\":\"https:\\\/\\\/nprc-swfl.com\\\/about\\\/our-team\\\/#primaryimage\",\"url\":\"https:\\\/\\\/nprc-swfl.com\\\/wp-content\\\/uploads\\\/2024\\\/12\\\/FOR-DIGITAL-CAROLYN00000000.webp\",\"contentUrl\":\"https:\\\/\\\/nprc-swfl.com\\\/wp-content\\\/uploads\\\/2024\\\/12\\\/FOR-DIGITAL-CAROLYN00000000.webp\"},{\"@type\":\"BreadcrumbList\",\"@id\":\"https:\\\/\\\/nprc-swfl.com\\\/about\\\/our-team\\\/#breadcrumb\",\"itemListElement\":[{\"@type\":\"ListItem\",\"position\":1,\"name\":\"Home\",\"item\":\"https:\\\/\\\/nprc-swfl.com\\\/\"},{\"@type\":\"ListItem\",\"position\":2,\"name\":\"About Neuropsychiatric Research Center of Southwest Florida\",\"item\":\"https:\\\/\\\/nprc-swfl.com\\\/about\\\/\"},{\"@type\":\"ListItem\",\"position\":3,\"name\":\"Patient Stories\"}]},{\"@type\":\"WebSite\",\"@id\":\"https:\\\/\\\/nprc-swfl.com\\\/#website\",\"url\":\"https:\\\/\\\/nprc-swfl.com\\\/\",\"name\":\"Neuropsychiatric Research Center of Southwest Florida\",\"description\":\"Alzheimer\u2019s Clinical research in Fort Myers, FL\",\"publisher\":{\"@id\":\"https:\\\/\\\/nprc-swfl.com\\\/#organization\"},\"potentialAction\":[{\"@type\":\"SearchAction\",\"target\":{\"@type\":\"EntryPoint\",\"urlTemplate\":\"https:\\\/\\\/nprc-swfl.com\\\/?s={search_term_string}\"},\"query-input\":{\"@type\":\"PropertyValueSpecification\",\"valueRequired\":true,\"valueName\":\"search_term_string\"}}],\"inLanguage\":\"es\"},{\"@type\":\"Organization\",\"@id\":\"https:\\\/\\\/nprc-swfl.com\\\/#organization\",\"name\":\"Neuropsychiatric Research Center of Southwest Florida\",\"url\":\"https:\\\/\\\/nprc-swfl.com\\\/\",\"logo\":{\"@type\":\"ImageObject\",\"inLanguage\":\"es\",\"@id\":\"https:\\\/\\\/nprc-swfl.com\\\/#\\\/schema\\\/logo\\\/image\\\/\",\"url\":\"https:\\\/\\\/nprc-swfl.com\\\/wp-content\\\/uploads\\\/2020\\\/11\\\/NPRC-LOGO.webp\",\"contentUrl\":\"https:\\\/\\\/nprc-swfl.com\\\/wp-content\\\/uploads\\\/2020\\\/11\\\/NPRC-LOGO.webp\",\"width\":709,\"height\":241,\"caption\":\"Neuropsychiatric Research Center of Southwest Florida\"},\"image\":{\"@id\":\"https:\\\/\\\/nprc-swfl.com\\\/#\\\/schema\\\/logo\\\/image\\\/\"}}]}<\/script>\n<!-- \/ Yoast SEO plugin. -->","yoast_head_json":{"title":"Historias de pacientes - Centro de Investigaci\u00f3n Neuropsiqui\u00e1trica del Suroeste de Florida","robots":{"index":"index","follow":"follow","max-snippet":"max-snippet:-1","max-image-preview":"max-image-preview:large","max-video-preview":"max-video-preview:-1"},"canonical":"https:\/\/nprc-swfl.com\/es\/about\/our-team\/","og_locale":"es_MX","og_type":"article","og_title":"Patient Stories - Neuropsychiatric Research Center of Southwest Florida","og_description":"Read Our Patient Stories Carole and Hank Starks Read Their Story Lee Belanger Read Thier Story","og_url":"https:\/\/nprc-swfl.com\/es\/about\/our-team\/","og_site_name":"Neuropsychiatric Research Center of Southwest Florida","article_modified_time":"2024-12-05T18:08:36+00:00","og_image":[{"width":1536,"height":864,"url":"https:\/\/nprc-swfl.com\/wp-content\/uploads\/2024\/12\/FOR-DIGITAL-CAROLYN00000000.webp","type":"image\/webp"}],"twitter_card":"summary_large_image","twitter_misc":{"Tiempo de lectura":"1 minuto"},"schema":{"@context":"https:\/\/schema.org","@graph":[{"@type":"WebPage","@id":"https:\/\/nprc-swfl.com\/about\/our-team\/","url":"https:\/\/nprc-swfl.com\/about\/our-team\/","name":"Historias de pacientes - Centro de Investigaci\u00f3n Neuropsiqui\u00e1trica del Suroeste de Florida","isPartOf":{"@id":"https:\/\/nprc-swfl.com\/#website"},"primaryImageOfPage":{"@id":"https:\/\/nprc-swfl.com\/about\/our-team\/#primaryimage"},"image":{"@id":"https:\/\/nprc-swfl.com\/about\/our-team\/#primaryimage"},"thumbnailUrl":"https:\/\/nprc-swfl.com\/wp-content\/uploads\/2024\/12\/FOR-DIGITAL-CAROLYN00000000.webp","datePublished":"2020-11-16T19:09:47+00:00","dateModified":"2024-12-05T18:08:36+00:00","breadcrumb":{"@id":"https:\/\/nprc-swfl.com\/about\/our-team\/#breadcrumb"},"inLanguage":"es","potentialAction":[{"@type":"ReadAction","target":["https:\/\/nprc-swfl.com\/about\/our-team\/"]}]},{"@type":"ImageObject","inLanguage":"es","@id":"https:\/\/nprc-swfl.com\/about\/our-team\/#primaryimage","url":"https:\/\/nprc-swfl.com\/wp-content\/uploads\/2024\/12\/FOR-DIGITAL-CAROLYN00000000.webp","contentUrl":"https:\/\/nprc-swfl.com\/wp-content\/uploads\/2024\/12\/FOR-DIGITAL-CAROLYN00000000.webp"},{"@type":"BreadcrumbList","@id":"https:\/\/nprc-swfl.com\/about\/our-team\/#breadcrumb","itemListElement":[{"@type":"ListItem","position":1,"name":"Home","item":"https:\/\/nprc-swfl.com\/"},{"@type":"ListItem","position":2,"name":"About Neuropsychiatric Research Center of Southwest Florida","item":"https:\/\/nprc-swfl.com\/about\/"},{"@type":"ListItem","position":3,"name":"Patient Stories"}]},{"@type":"WebSite","@id":"https:\/\/nprc-swfl.com\/#website","url":"https:\/\/nprc-swfl.com\/","name":"Centro de Investigaci\u00f3n Neuropsiqui\u00e1trica del Suroeste de Florida","description":"Investigaci\u00f3n cl\u00ednica sobre el Alzheimer en Fort Myers, Florida","publisher":{"@id":"https:\/\/nprc-swfl.com\/#organization"},"potentialAction":[{"@type":"SearchAction","target":{"@type":"EntryPoint","urlTemplate":"https:\/\/nprc-swfl.com\/?s={search_term_string}"},"query-input":{"@type":"PropertyValueSpecification","valueRequired":true,"valueName":"search_term_string"}}],"inLanguage":"es"},{"@type":"Organization","@id":"https:\/\/nprc-swfl.com\/#organization","name":"Centro de Investigaci\u00f3n Neuropsiqui\u00e1trica del Suroeste de Florida","url":"https:\/\/nprc-swfl.com\/","logo":{"@type":"ImageObject","inLanguage":"es","@id":"https:\/\/nprc-swfl.com\/#\/schema\/logo\/image\/","url":"https:\/\/nprc-swfl.com\/wp-content\/uploads\/2020\/11\/NPRC-LOGO.webp","contentUrl":"https:\/\/nprc-swfl.com\/wp-content\/uploads\/2020\/11\/NPRC-LOGO.webp","width":709,"height":241,"caption":"Neuropsychiatric Research Center of Southwest Florida"},"image":{"@id":"https:\/\/nprc-swfl.com\/#\/schema\/logo\/image\/"}}]}},"_links":{"self":[{"href":"https:\/\/nprc-swfl.com\/es\/wp-json\/wp\/v2\/pages\/17","targetHints":{"allow":["GET"]}}],"collection":[{"href":"https:\/\/nprc-swfl.com\/es\/wp-json\/wp\/v2\/pages"}],"about":[{"href":"https:\/\/nprc-swfl.com\/es\/wp-json\/wp\/v2\/types\/page"}],"author":[{"embeddable":true,"href":"https:\/\/nprc-swfl.com\/es\/wp-json\/wp\/v2\/users\/1"}],"replies":[{"embeddable":true,"href":"https:\/\/nprc-swfl.com\/es\/wp-json\/wp\/v2\/comments?post=17"}],"version-history":[{"count":0,"href":"https:\/\/nprc-swfl.com\/es\/wp-json\/wp\/v2\/pages\/17\/revisions"}],"up":[{"embeddable":true,"href":"https:\/\/nprc-swfl.com\/es\/wp-json\/wp\/v2\/pages\/16"}],"wp:attachment":[{"href":"https:\/\/nprc-swfl.com\/es\/wp-json\/wp\/v2\/media?parent=17"}],"curies":[{"name":"gracias","href":"https:\/\/api.w.org\/{rel}","templated":true}]}}