{"id":101,"date":"2020-11-18T20:27:25","date_gmt":"2020-11-18T20:27:25","guid":{"rendered":"http:\/\/nprcpro.wpengine.com\/?page_id=101"},"modified":"2024-09-13T18:50:23","modified_gmt":"2024-09-13T18:50:23","slug":"jennifer-a-springer","status":"publish","type":"page","link":"https:\/\/nprc-swfl.com\/es\/about\/our-team\/jennifer-a-springer\/","title":{"rendered":"Dra. Jennifer A. Springer"},"content":{"rendered":"<div data-elementor-type=\"wp-page\" data-elementor-id=\"101\" class=\"elementor elementor-101\" data-elementor-post-type=\"page\">\n\t\t\t\t\t\t<section class=\"elementor-section elementor-top-section elementor-element elementor-element-08df00b elementor-section-boxed elementor-section-height-default elementor-section-height-default\" data-id=\"08df00b\" data-element_type=\"section\" data-e-type=\"section\">\n\t\t\t\t\t\t<div class=\"elementor-container elementor-column-gap-wider\">\n\t\t\t\t\t<div class=\"elementor-column elementor-col-33 elementor-top-column elementor-element elementor-element-1a3caaf\" data-id=\"1a3caaf\" data-element_type=\"column\" data-e-type=\"column\">\n\t\t\t<div class=\"elementor-widget-wrap elementor-element-populated\">\n\t\t\t\t\t\t<div class=\"elementor-element elementor-element-a7f46d6 elementor-widget elementor-widget-image\" data-id=\"a7f46d6\" data-element_type=\"widget\" data-e-type=\"widget\" data-widget_type=\"image.default\">\n\t\t\t\t<div class=\"elementor-widget-container\">\n\t\t\t\t\t\t\t\t\t\t\t\t<figure class=\"wp-caption\">\n\t\t\t\t\t\t\t\t\t\t<img fetchpriority=\"high\" decoding=\"async\" width=\"768\" height=\"1024\" src=\"https:\/\/nprc-swfl.com\/wp-content\/uploads\/2024\/09\/Jennifer-Springer-768x1024.png\" class=\"attachment-medium_large size-medium_large wp-image-977\" alt=\"\" srcset=\"https:\/\/nprc-swfl.com\/wp-content\/uploads\/2024\/09\/Jennifer-Springer-768x1024.png 768w, https:\/\/nprc-swfl.com\/wp-content\/uploads\/2024\/09\/Jennifer-Springer-225x300.png 225w, https:\/\/nprc-swfl.com\/wp-content\/uploads\/2024\/09\/Jennifer-Springer-1152x1536.png 1152w, https:\/\/nprc-swfl.com\/wp-content\/uploads\/2024\/09\/Jennifer-Springer-1536x2048.png 1536w, https:\/\/nprc-swfl.com\/wp-content\/uploads\/2024\/09\/Jennifer-Springer.png 1868w\" sizes=\"(max-width: 768px) 100vw, 768px\" \/>\t\t\t\t\t\t\t\t\t\t\t<figcaption class=\"widget-image-caption wp-caption-text\">Dra. Jennifer A. Springer<\/figcaption>\n\t\t\t\t\t\t\t\t\t\t<\/figure>\n\t\t\t\t\t\t\t\t\t<\/div>\n\t\t\t\t<\/div>\n\t\t\t\t\t<\/div>\n\t\t<\/div>\n\t\t\t\t<div class=\"elementor-column elementor-col-66 elementor-top-column elementor-element elementor-element-854a387\" data-id=\"854a387\" data-element_type=\"column\" data-e-type=\"column\">\n\t\t\t<div class=\"elementor-widget-wrap elementor-element-populated\">\n\t\t\t\t\t\t<div class=\"elementor-element elementor-element-876c754 elementor-widget elementor-widget-heading\" data-id=\"876c754\" data-element_type=\"widget\" data-e-type=\"widget\" data-widget_type=\"heading.default\">\n\t\t\t\t<div class=\"elementor-widget-container\">\n\t\t\t\t\t<h1 class=\"elementor-heading-title elementor-size-default\">Dra. Jennifer A. Springer<\/h1>\t\t\t\t<\/div>\n\t\t\t\t<\/div>\n\t\t\t\t<div class=\"elementor-element elementor-element-c8b9f88 elementor-widget elementor-widget-heading\" data-id=\"c8b9f88\" data-element_type=\"widget\" data-e-type=\"widget\" data-widget_type=\"heading.default\">\n\t\t\t\t<div class=\"elementor-widget-container\">\n\t\t\t\t\t<h2 class=\"elementor-heading-title elementor-size-default\">Investigador principal<\/h2>\t\t\t\t<\/div>\n\t\t\t\t<\/div>\n\t\t\t\t<div class=\"elementor-element elementor-element-ddae710 elementor-widget elementor-widget-text-editor\" data-id=\"ddae710\" data-element_type=\"widget\" data-e-type=\"widget\" data-widget_type=\"text-editor.default\">\n\t\t\t\t<div class=\"elementor-widget-container\">\n\t\t\t\t\t\t\t\t\t<p>La Dra. Jennifer Springer naci\u00f3 en Pensilvania, donde estudi\u00f3 en la Facultad de Medicina de Temple en Filadelfia. Posteriormente, realiz\u00f3 su residencia en Medicina de Urgencias en la Facultad de Medicina de Pensilvania.<\/p><p>Est\u00e1 certificada por la Junta Estadounidense de Medicina de Emergencia.<\/p><p>Durante los \u00faltimos 19 a\u00f1os, la Dra. Springer ha residido en el suroeste de Florida y ha trabajado a tiempo parcial en el Departamento de Emergencias de Health Park y en Lee Convenient Care mientras ayudaba a su esposo, el Dr. Charles Springer, a criar a sus cuatro hijos y a su hijo adoptivo.<\/p><p>Actualmente trabaja como Investigadora Principal en el Centro de Investigaci\u00f3n Neuropsiqui\u00e1trica.<\/p>\t\t\t\t\t\t\t\t<\/div>\n\t\t\t\t<\/div>\n\t\t\t\t\t<\/div>\n\t\t<\/div>\n\t\t\t\t\t<\/div>\n\t\t<\/section>\n\t\t\t\t<\/div>","protected":false},"excerpt":{"rendered":"<p>La investigadora principal, Dra. Jennifer Springer, naci\u00f3 en Pensilvania, donde estudi\u00f3 en la Facultad de Medicina de Temple en Filadelfia. Posteriormente, realiz\u00f3 su residencia en Medicina de Emergencia en la Facultad de Medicina de Pensilvania. Est\u00e1 certificada por la Junta Americana de Medicina de Emergencia. Durante los \u00faltimos 19 a\u00f1os, la Dra. Springer ha residido en el suroeste de Florida. <\/p>\n<p class=\"read-more-container\"><a title=\"Dra. Jennifer A. Springer\" class=\"read-more button\" href=\"https:\/\/nprc-swfl.com\/es\/about\/our-team\/jennifer-a-springer\/#more-101\" aria-label=\"Leer m\u00e1s sobre Jennifer A. Springer, MD\">Leer m\u00e1s<\/a><\/p>","protected":false},"author":1,"featured_media":0,"parent":17,"menu_order":0,"comment_status":"closed","ping_status":"closed","template":"","meta":{"footnotes":""},"class_list":["post-101","page","type-page","status-publish"],"yoast_head":"<!-- This site is optimized with the Yoast SEO plugin v27.3 - https:\/\/yoast.com\/product\/yoast-seo-wordpress\/ -->\n<title>Jennifer A. Springer, M.D. - Neuropsychiatric Research Center of Southwest Florida<\/title>\n<meta name=\"robots\" content=\"index, follow, max-snippet:-1, max-image-preview:large, max-video-preview:-1\" \/>\n<link rel=\"canonical\" href=\"https:\/\/nprc-swfl.com\/es\/about\/our-team\/jennifer-a-springer\/\" \/>\n<meta property=\"og:locale\" content=\"es_MX\" \/>\n<meta property=\"og:type\" content=\"article\" \/>\n<meta property=\"og:title\" content=\"Jennifer A. Springer, M.D. - Neuropsychiatric Research Center of Southwest Florida\" \/>\n<meta property=\"og:description\" content=\"Principal Investigator Dr. Jennifer Springer was born in Pennsylvania where she attended Temple Medical School in Philadelphia. She then went to the Medical College of Pennsylvania for her residency in Emergency Medicine. She is Board Certified by the American Board of Emergency Medicine. For the past 19 years, Dr. Springer has resided in Southwest Florida ... Read more\" \/>\n<meta property=\"og:url\" content=\"https:\/\/nprc-swfl.com\/es\/about\/our-team\/jennifer-a-springer\/\" \/>\n<meta property=\"og:site_name\" content=\"Neuropsychiatric Research Center of Southwest Florida\" \/>\n<meta property=\"article:modified_time\" content=\"2024-09-13T18:50:23+00:00\" \/>\n<meta property=\"og:image\" content=\"https:\/\/nprc-swfl.com\/wp-content\/uploads\/2024\/09\/Jennifer-Springer-768x1024.png\" \/>\n<meta name=\"twitter:card\" content=\"summary_large_image\" \/>\n<meta name=\"twitter:label1\" content=\"Tiempo de lectura\" \/>\n\t<meta name=\"twitter:data1\" content=\"1 minuto\" \/>\n<script type=\"application\/ld+json\" class=\"yoast-schema-graph\">{\"@context\":\"https:\\\/\\\/schema.org\",\"@graph\":[{\"@type\":\"WebPage\",\"@id\":\"https:\\\/\\\/nprc-swfl.com\\\/about\\\/our-team\\\/jennifer-a-springer\\\/\",\"url\":\"https:\\\/\\\/nprc-swfl.com\\\/about\\\/our-team\\\/jennifer-a-springer\\\/\",\"name\":\"Jennifer A. Springer, M.D. - Neuropsychiatric Research Center of Southwest Florida\",\"isPartOf\":{\"@id\":\"https:\\\/\\\/nprc-swfl.com\\\/#website\"},\"primaryImageOfPage\":{\"@id\":\"https:\\\/\\\/nprc-swfl.com\\\/about\\\/our-team\\\/jennifer-a-springer\\\/#primaryimage\"},\"image\":{\"@id\":\"https:\\\/\\\/nprc-swfl.com\\\/about\\\/our-team\\\/jennifer-a-springer\\\/#primaryimage\"},\"thumbnailUrl\":\"https:\\\/\\\/nprc-swfl.com\\\/wp-content\\\/uploads\\\/2024\\\/09\\\/Jennifer-Springer-768x1024.png\",\"datePublished\":\"2020-11-18T20:27:25+00:00\",\"dateModified\":\"2024-09-13T18:50:23+00:00\",\"breadcrumb\":{\"@id\":\"https:\\\/\\\/nprc-swfl.com\\\/about\\\/our-team\\\/jennifer-a-springer\\\/#breadcrumb\"},\"inLanguage\":\"es\",\"potentialAction\":[{\"@type\":\"ReadAction\",\"target\":[\"https:\\\/\\\/nprc-swfl.com\\\/about\\\/our-team\\\/jennifer-a-springer\\\/\"]}]},{\"@type\":\"ImageObject\",\"inLanguage\":\"es\",\"@id\":\"https:\\\/\\\/nprc-swfl.com\\\/about\\\/our-team\\\/jennifer-a-springer\\\/#primaryimage\",\"url\":\"https:\\\/\\\/nprc-swfl.com\\\/wp-content\\\/uploads\\\/2024\\\/09\\\/Jennifer-Springer-768x1024.png\",\"contentUrl\":\"https:\\\/\\\/nprc-swfl.com\\\/wp-content\\\/uploads\\\/2024\\\/09\\\/Jennifer-Springer-768x1024.png\"},{\"@type\":\"BreadcrumbList\",\"@id\":\"https:\\\/\\\/nprc-swfl.com\\\/about\\\/our-team\\\/jennifer-a-springer\\\/#breadcrumb\",\"itemListElement\":[{\"@type\":\"ListItem\",\"position\":1,\"name\":\"Home\",\"item\":\"https:\\\/\\\/nprc-swfl.com\\\/\"},{\"@type\":\"ListItem\",\"position\":2,\"name\":\"About Neuropsychiatric Research Center of Southwest Florida\",\"item\":\"https:\\\/\\\/nprc-swfl.com\\\/about\\\/\"},{\"@type\":\"ListItem\",\"position\":3,\"name\":\"Patient Stories\",\"item\":\"https:\\\/\\\/nprc-swfl.com\\\/about\\\/our-team\\\/\"},{\"@type\":\"ListItem\",\"position\":4,\"name\":\"Jennifer A. Springer, M.D.\"}]},{\"@type\":\"WebSite\",\"@id\":\"https:\\\/\\\/nprc-swfl.com\\\/#website\",\"url\":\"https:\\\/\\\/nprc-swfl.com\\\/\",\"name\":\"Neuropsychiatric Research Center of Southwest Florida\",\"description\":\"Alzheimer\u2019s Clinical research in Fort Myers, FL\",\"publisher\":{\"@id\":\"https:\\\/\\\/nprc-swfl.com\\\/#organization\"},\"potentialAction\":[{\"@type\":\"SearchAction\",\"target\":{\"@type\":\"EntryPoint\",\"urlTemplate\":\"https:\\\/\\\/nprc-swfl.com\\\/?s={search_term_string}\"},\"query-input\":{\"@type\":\"PropertyValueSpecification\",\"valueRequired\":true,\"valueName\":\"search_term_string\"}}],\"inLanguage\":\"es\"},{\"@type\":\"Organization\",\"@id\":\"https:\\\/\\\/nprc-swfl.com\\\/#organization\",\"name\":\"Neuropsychiatric Research Center of Southwest Florida\",\"url\":\"https:\\\/\\\/nprc-swfl.com\\\/\",\"logo\":{\"@type\":\"ImageObject\",\"inLanguage\":\"es\",\"@id\":\"https:\\\/\\\/nprc-swfl.com\\\/#\\\/schema\\\/logo\\\/image\\\/\",\"url\":\"https:\\\/\\\/nprc-swfl.com\\\/wp-content\\\/uploads\\\/2020\\\/11\\\/NPRC-LOGO.webp\",\"contentUrl\":\"https:\\\/\\\/nprc-swfl.com\\\/wp-content\\\/uploads\\\/2020\\\/11\\\/NPRC-LOGO.webp\",\"width\":709,\"height\":241,\"caption\":\"Neuropsychiatric Research Center of Southwest Florida\"},\"image\":{\"@id\":\"https:\\\/\\\/nprc-swfl.com\\\/#\\\/schema\\\/logo\\\/image\\\/\"}}]}<\/script>\n<!-- \/ Yoast SEO plugin. -->","yoast_head_json":{"title":"Dra. Jennifer A. Springer - Centro de Investigaci\u00f3n Neuropsiqui\u00e1trica del Suroeste de Florida","robots":{"index":"index","follow":"follow","max-snippet":"max-snippet:-1","max-image-preview":"max-image-preview:large","max-video-preview":"max-video-preview:-1"},"canonical":"https:\/\/nprc-swfl.com\/es\/about\/our-team\/jennifer-a-springer\/","og_locale":"es_MX","og_type":"article","og_title":"Jennifer A. Springer, M.D. - Neuropsychiatric Research Center of Southwest Florida","og_description":"Principal Investigator Dr. Jennifer Springer was born in Pennsylvania where she attended Temple Medical School in Philadelphia. She then went to the Medical College of Pennsylvania for her residency in Emergency Medicine. She is Board Certified by the American Board of Emergency Medicine. For the past 19 years, Dr. Springer has resided in Southwest Florida ... Read more","og_url":"https:\/\/nprc-swfl.com\/es\/about\/our-team\/jennifer-a-springer\/","og_site_name":"Neuropsychiatric Research Center of Southwest Florida","article_modified_time":"2024-09-13T18:50:23+00:00","og_image":[{"url":"https:\/\/nprc-swfl.com\/wp-content\/uploads\/2024\/09\/Jennifer-Springer-768x1024.png","type":"","width":"","height":""}],"twitter_card":"summary_large_image","twitter_misc":{"Tiempo de lectura":"1 minuto"},"schema":{"@context":"https:\/\/schema.org","@graph":[{"@type":"WebPage","@id":"https:\/\/nprc-swfl.com\/about\/our-team\/jennifer-a-springer\/","url":"https:\/\/nprc-swfl.com\/about\/our-team\/jennifer-a-springer\/","name":"Dra. Jennifer A. Springer - Centro de Investigaci\u00f3n Neuropsiqui\u00e1trica del Suroeste de Florida","isPartOf":{"@id":"https:\/\/nprc-swfl.com\/#website"},"primaryImageOfPage":{"@id":"https:\/\/nprc-swfl.com\/about\/our-team\/jennifer-a-springer\/#primaryimage"},"image":{"@id":"https:\/\/nprc-swfl.com\/about\/our-team\/jennifer-a-springer\/#primaryimage"},"thumbnailUrl":"https:\/\/nprc-swfl.com\/wp-content\/uploads\/2024\/09\/Jennifer-Springer-768x1024.png","datePublished":"2020-11-18T20:27:25+00:00","dateModified":"2024-09-13T18:50:23+00:00","breadcrumb":{"@id":"https:\/\/nprc-swfl.com\/about\/our-team\/jennifer-a-springer\/#breadcrumb"},"inLanguage":"es","potentialAction":[{"@type":"ReadAction","target":["https:\/\/nprc-swfl.com\/about\/our-team\/jennifer-a-springer\/"]}]},{"@type":"ImageObject","inLanguage":"es","@id":"https:\/\/nprc-swfl.com\/about\/our-team\/jennifer-a-springer\/#primaryimage","url":"https:\/\/nprc-swfl.com\/wp-content\/uploads\/2024\/09\/Jennifer-Springer-768x1024.png","contentUrl":"https:\/\/nprc-swfl.com\/wp-content\/uploads\/2024\/09\/Jennifer-Springer-768x1024.png"},{"@type":"BreadcrumbList","@id":"https:\/\/nprc-swfl.com\/about\/our-team\/jennifer-a-springer\/#breadcrumb","itemListElement":[{"@type":"ListItem","position":1,"name":"Home","item":"https:\/\/nprc-swfl.com\/"},{"@type":"ListItem","position":2,"name":"About Neuropsychiatric Research Center of Southwest Florida","item":"https:\/\/nprc-swfl.com\/about\/"},{"@type":"ListItem","position":3,"name":"Patient Stories","item":"https:\/\/nprc-swfl.com\/about\/our-team\/"},{"@type":"ListItem","position":4,"name":"Jennifer A. Springer, M.D."}]},{"@type":"WebSite","@id":"https:\/\/nprc-swfl.com\/#website","url":"https:\/\/nprc-swfl.com\/","name":"Centro de Investigaci\u00f3n Neuropsiqui\u00e1trica del Suroeste de Florida","description":"Investigaci\u00f3n cl\u00ednica sobre el Alzheimer en Fort Myers, Florida","publisher":{"@id":"https:\/\/nprc-swfl.com\/#organization"},"potentialAction":[{"@type":"SearchAction","target":{"@type":"EntryPoint","urlTemplate":"https:\/\/nprc-swfl.com\/?s={search_term_string}"},"query-input":{"@type":"PropertyValueSpecification","valueRequired":true,"valueName":"search_term_string"}}],"inLanguage":"es"},{"@type":"Organization","@id":"https:\/\/nprc-swfl.com\/#organization","name":"Centro de Investigaci\u00f3n Neuropsiqui\u00e1trica del Suroeste de Florida","url":"https:\/\/nprc-swfl.com\/","logo":{"@type":"ImageObject","inLanguage":"es","@id":"https:\/\/nprc-swfl.com\/#\/schema\/logo\/image\/","url":"https:\/\/nprc-swfl.com\/wp-content\/uploads\/2020\/11\/NPRC-LOGO.webp","contentUrl":"https:\/\/nprc-swfl.com\/wp-content\/uploads\/2020\/11\/NPRC-LOGO.webp","width":709,"height":241,"caption":"Neuropsychiatric Research Center of Southwest Florida"},"image":{"@id":"https:\/\/nprc-swfl.com\/#\/schema\/logo\/image\/"}}]}},"_links":{"self":[{"href":"https:\/\/nprc-swfl.com\/es\/wp-json\/wp\/v2\/pages\/101","targetHints":{"allow":["GET"]}}],"collection":[{"href":"https:\/\/nprc-swfl.com\/es\/wp-json\/wp\/v2\/pages"}],"about":[{"href":"https:\/\/nprc-swfl.com\/es\/wp-json\/wp\/v2\/types\/page"}],"author":[{"embeddable":true,"href":"https:\/\/nprc-swfl.com\/es\/wp-json\/wp\/v2\/users\/1"}],"replies":[{"embeddable":true,"href":"https:\/\/nprc-swfl.com\/es\/wp-json\/wp\/v2\/comments?post=101"}],"version-history":[{"count":0,"href":"https:\/\/nprc-swfl.com\/es\/wp-json\/wp\/v2\/pages\/101\/revisions"}],"up":[{"embeddable":true,"href":"https:\/\/nprc-swfl.com\/es\/wp-json\/wp\/v2\/pages\/17"}],"wp:attachment":[{"href":"https:\/\/nprc-swfl.com\/es\/wp-json\/wp\/v2\/media?parent=101"}],"curies":[{"name":"gracias","href":"https:\/\/api.w.org\/{rel}","templated":true}]}}