{"id":1002,"date":"2025-02-12T16:27:27","date_gmt":"2025-02-12T16:27:27","guid":{"rendered":"https:\/\/nprc-swfl.com\/?page_id=1002"},"modified":"2025-10-14T17:21:55","modified_gmt":"2025-10-14T17:21:55","slug":"our-team-2","status":"publish","type":"page","link":"https:\/\/nprc-swfl.com\/es\/about\/our-team-2\/","title":{"rendered":"Nuestro Equipo"},"content":{"rendered":"\t\t<div data-elementor-type=\"wp-page\" data-elementor-id=\"1002\" class=\"elementor elementor-1002\" data-elementor-post-type=\"page\">\n\t\t\t\t\t\t<section class=\"elementor-section elementor-top-section elementor-element elementor-element-d3fcc69 elementor-section-stretched elementor-section-height-min-height elementor-section-boxed elementor-section-height-default elementor-section-items-middle\" data-id=\"d3fcc69\" data-element_type=\"section\" data-e-type=\"section\" data-settings=\"{&quot;stretch_section&quot;:&quot;section-stretched&quot;,&quot;background_background&quot;:&quot;classic&quot;,&quot;background_motion_fx_motion_fx_scrolling&quot;:&quot;yes&quot;,&quot;background_motion_fx_translateY_effect&quot;:&quot;yes&quot;,&quot;background_motion_fx_translateY_speed&quot;:{&quot;unit&quot;:&quot;px&quot;,&quot;size&quot;:4,&quot;sizes&quot;:[]},&quot;background_motion_fx_translateY_affectedRange&quot;:{&quot;unit&quot;:&quot;%&quot;,&quot;size&quot;:&quot;&quot;,&quot;sizes&quot;:{&quot;start&quot;:0,&quot;end&quot;:100}},&quot;background_motion_fx_devices&quot;:[&quot;desktop&quot;,&quot;tablet&quot;,&quot;mobile&quot;]}\">\n\t\t\t\t\t\t\t<div class=\"elementor-background-overlay\"><\/div>\n\t\t\t\t\t\t\t<div class=\"elementor-container elementor-column-gap-default\">\n\t\t\t\t\t<div class=\"elementor-column elementor-col-100 elementor-top-column elementor-element elementor-element-c37d9cb\" data-id=\"c37d9cb\" data-element_type=\"column\" data-e-type=\"column\">\n\t\t\t<div class=\"elementor-widget-wrap elementor-element-populated\">\n\t\t\t\t\t\t<div class=\"elementor-element elementor-element-d4a6458 elementor-widget elementor-widget-heading\" data-id=\"d4a6458\" data-element_type=\"widget\" data-e-type=\"widget\" data-widget_type=\"heading.default\">\n\t\t\t\t\t<h1 class=\"elementor-heading-title elementor-size-default\">Our Team<\/h1>\t\t\t\t<\/div>\n\t\t\t\t\t<\/div>\n\t\t<\/div>\n\t\t\t\t\t<\/div>\n\t\t<\/section>\n\t\t\t\t<section class=\"elementor-section elementor-top-section elementor-element elementor-element-7c62147 elementor-section-boxed elementor-section-height-default elementor-section-height-default\" data-id=\"7c62147\" data-element_type=\"section\" data-e-type=\"section\">\n\t\t\t\t\t\t<div class=\"elementor-container elementor-column-gap-narrow\">\n\t\t\t\t\t<div class=\"elementor-column elementor-col-33 elementor-top-column elementor-element elementor-element-3d20ee5\" data-id=\"3d20ee5\" data-element_type=\"column\" data-e-type=\"column\">\n\t\t\t<div class=\"elementor-widget-wrap elementor-element-populated\">\n\t\t\t\t\t\t<div class=\"elementor-element elementor-element-7a895f1 elementor-widget__width-initial elementor-widget-tablet__width-initial elementor-widget elementor-widget-image\" data-id=\"7a895f1\" data-element_type=\"widget\" data-e-type=\"widget\" data-widget_type=\"image.default\">\n\t\t\t\t\t\t\t\t\t\t\t\t\t\t\t<img fetchpriority=\"high\" decoding=\"async\" width=\"768\" height=\"1024\" src=\"https:\/\/nprc-swfl.com\/wp-content\/uploads\/2024\/09\/John-Huffaker-768x1024.png\" class=\"attachment-medium_large size-medium_large wp-image-976\" alt=\"\" srcset=\"https:\/\/nprc-swfl.com\/wp-content\/uploads\/2024\/09\/John-Huffaker-768x1024.png 768w, https:\/\/nprc-swfl.com\/wp-content\/uploads\/2024\/09\/John-Huffaker-225x300.png 225w, https:\/\/nprc-swfl.com\/wp-content\/uploads\/2024\/09\/John-Huffaker-1152x1536.png 1152w, https:\/\/nprc-swfl.com\/wp-content\/uploads\/2024\/09\/John-Huffaker-1536x2048.png 1536w\" sizes=\"(max-width: 768px) 100vw, 768px\" \/>\t\t\t\t\t\t\t\t\t\t\t\t\t\t\t<\/div>\n\t\t\t\t<div class=\"elementor-element elementor-element-37817db elementor-widget elementor-widget-heading\" data-id=\"37817db\" data-element_type=\"widget\" data-e-type=\"widget\" data-widget_type=\"heading.default\">\n\t\t\t\t\t<h3 class=\"elementor-heading-title elementor-size-default\">John Huffaker, DNP, FNP-C<\/h3>\t\t\t\t<\/div>\n\t\t\t\t<div class=\"elementor-element elementor-element-ec7177a elementor-widget elementor-widget-heading\" data-id=\"ec7177a\" data-element_type=\"widget\" data-e-type=\"widget\" data-widget_type=\"heading.default\">\n\t\t\t\t\t<h4 class=\"elementor-heading-title elementor-size-medium\">Principal Investigator\n<\/h4>\t\t\t\t<\/div>\n\t\t\t\t<div class=\"elementor-element elementor-element-e26b2d6 elementor-align-center elementor-widget elementor-widget-button\" data-id=\"e26b2d6\" data-element_type=\"widget\" data-e-type=\"widget\" data-widget_type=\"button.default\">\n\t\t\t\t\t\t\t\t\t\t<a class=\"elementor-button elementor-button-link elementor-size-xs\" href=\"\/about\/our-team\/john-huffaker-msn-aprn-fnp-c\/\">\n\t\t\t\t\t\t<span class=\"elementor-button-content-wrapper\">\n\t\t\t\t\t\t\t\t\t<span class=\"elementor-button-text\">Read Bio<\/span>\n\t\t\t\t\t<\/span>\n\t\t\t\t\t<\/a>\n\t\t\t\t\t\t\t\t<\/div>\n\t\t\t\t\t<\/div>\n\t\t<\/div>\n\t\t\t\t<div class=\"elementor-column elementor-col-33 elementor-top-column elementor-element elementor-element-5b4cb06\" data-id=\"5b4cb06\" data-element_type=\"column\" data-e-type=\"column\">\n\t\t\t<div class=\"elementor-widget-wrap elementor-element-populated\">\n\t\t\t\t\t\t<div class=\"elementor-element elementor-element-b857bd2 elementor-widget__width-initial elementor-widget elementor-widget-image\" data-id=\"b857bd2\" data-element_type=\"widget\" data-e-type=\"widget\" data-widget_type=\"image.default\">\n\t\t\t\t\t\t\t\t\t\t\t\t\t\t\t<img decoding=\"async\" width=\"768\" height=\"1024\" src=\"https:\/\/nprc-swfl.com\/wp-content\/uploads\/2024\/09\/Jennifer-Springer-768x1024.png\" class=\"attachment-medium_large size-medium_large wp-image-977\" alt=\"\" srcset=\"https:\/\/nprc-swfl.com\/wp-content\/uploads\/2024\/09\/Jennifer-Springer-768x1024.png 768w, https:\/\/nprc-swfl.com\/wp-content\/uploads\/2024\/09\/Jennifer-Springer-225x300.png 225w, https:\/\/nprc-swfl.com\/wp-content\/uploads\/2024\/09\/Jennifer-Springer-1152x1536.png 1152w, https:\/\/nprc-swfl.com\/wp-content\/uploads\/2024\/09\/Jennifer-Springer-1536x2048.png 1536w, https:\/\/nprc-swfl.com\/wp-content\/uploads\/2024\/09\/Jennifer-Springer.png 1868w\" sizes=\"(max-width: 768px) 100vw, 768px\" \/>\t\t\t\t\t\t\t\t\t\t\t\t\t\t\t<\/div>\n\t\t\t\t<div class=\"elementor-element elementor-element-74d9325 elementor-widget elementor-widget-heading\" data-id=\"74d9325\" data-element_type=\"widget\" data-e-type=\"widget\" data-widget_type=\"heading.default\">\n\t\t\t\t\t<h3 class=\"elementor-heading-title elementor-size-default\">Jennifer A. Springer, M.D.<\/h3>\t\t\t\t<\/div>\n\t\t\t\t<div class=\"elementor-element elementor-element-1fc0e41 elementor-widget elementor-widget-heading\" data-id=\"1fc0e41\" data-element_type=\"widget\" data-e-type=\"widget\" data-widget_type=\"heading.default\">\n\t\t\t\t\t<h4 class=\"elementor-heading-title elementor-size-medium\">Principal Investigator<\/h4>\t\t\t\t<\/div>\n\t\t\t\t<div class=\"elementor-element elementor-element-bd40bb5 elementor-align-center elementor-widget elementor-widget-button\" data-id=\"bd40bb5\" data-element_type=\"widget\" data-e-type=\"widget\" data-widget_type=\"button.default\">\n\t\t\t\t\t\t\t\t\t\t<a class=\"elementor-button elementor-button-link elementor-size-xs\" href=\"\/about\/our-team\/jennifer-a-springer\/\">\n\t\t\t\t\t\t<span class=\"elementor-button-content-wrapper\">\n\t\t\t\t\t\t\t\t\t<span class=\"elementor-button-text\">Read Bio<\/span>\n\t\t\t\t\t<\/span>\n\t\t\t\t\t<\/a>\n\t\t\t\t\t\t\t\t<\/div>\n\t\t\t\t\t<\/div>\n\t\t<\/div>\n\t\t\t\t<div class=\"elementor-column elementor-col-33 elementor-top-column elementor-element elementor-element-6723c85\" data-id=\"6723c85\" data-element_type=\"column\" data-e-type=\"column\">\n\t\t\t<div class=\"elementor-widget-wrap elementor-element-populated\">\n\t\t\t\t\t\t<div class=\"elementor-element elementor-element-86f8b2b elementor-widget__width-initial elementor-widget elementor-widget-image\" data-id=\"86f8b2b\" data-element_type=\"widget\" data-e-type=\"widget\" data-widget_type=\"image.default\">\n\t\t\t\t\t\t\t\t\t\t\t\t\t\t\t<img decoding=\"async\" width=\"768\" height=\"1024\" src=\"https:\/\/nprc-swfl.com\/wp-content\/uploads\/2023\/10\/Mark-Brody-headshot.webp\" class=\"attachment-medium_large size-medium_large wp-image-886\" alt=\"Mark Brody-headshot\" srcset=\"https:\/\/nprc-swfl.com\/wp-content\/uploads\/2023\/10\/Mark-Brody-headshot.webp 768w, https:\/\/nprc-swfl.com\/wp-content\/uploads\/2023\/10\/Mark-Brody-headshot-225x300.webp 225w\" sizes=\"(max-width: 768px) 100vw, 768px\" \/>\t\t\t\t\t\t\t\t\t\t\t\t\t\t\t<\/div>\n\t\t\t\t<div class=\"elementor-element elementor-element-9be772f elementor-widget elementor-widget-heading\" data-id=\"9be772f\" data-element_type=\"widget\" data-e-type=\"widget\" data-widget_type=\"heading.default\">\n\t\t\t\t\t<h3 class=\"elementor-heading-title elementor-size-default\">Mark Brody, M.D., C.P.I.<\/h3>\t\t\t\t<\/div>\n\t\t\t\t<div class=\"elementor-element elementor-element-7f229ac elementor-widget elementor-widget-heading\" data-id=\"7f229ac\" data-element_type=\"widget\" data-e-type=\"widget\" data-widget_type=\"heading.default\">\n\t\t\t\t\t<h4 class=\"elementor-heading-title elementor-size-default\">Clinical Therapeutic Lead<\/h4>\t\t\t\t<\/div>\n\t\t\t\t<div class=\"elementor-element elementor-element-b47636a elementor-align-center elementor-widget elementor-widget-button\" data-id=\"b47636a\" data-element_type=\"widget\" data-e-type=\"widget\" data-widget_type=\"button.default\">\n\t\t\t\t\t\t\t\t\t\t<a class=\"elementor-button elementor-button-link elementor-size-xs\" href=\"\/about\/our-team\/mark-brody-m-d\/\">\n\t\t\t\t\t\t<span class=\"elementor-button-content-wrapper\">\n\t\t\t\t\t\t\t\t\t<span class=\"elementor-button-text\">Read Bio<\/span>\n\t\t\t\t\t<\/span>\n\t\t\t\t\t<\/a>\n\t\t\t\t\t\t\t\t<\/div>\n\t\t\t\t\t<\/div>\n\t\t<\/div>\n\t\t\t\t\t<\/div>\n\t\t<\/section>\n\t\t\t\t<\/div>\n\t\t","protected":false},"excerpt":{"rendered":"<p>Our Team John Huffaker, DNP, FNP-C Principal Investigator Read Bio Jennifer A. Springer, M.D. Principal Investigator Read Bio Mark Brody, M.D., C.P.I. Clinical Therapeutic Lead Read Bio<\/p>","protected":false},"author":9,"featured_media":0,"parent":16,"menu_order":0,"comment_status":"closed","ping_status":"closed","template":"","meta":{"footnotes":""},"class_list":["post-1002","page","type-page","status-publish"],"yoast_head":"<!-- This site is optimized with the Yoast SEO plugin v27.4 - https:\/\/yoast.com\/product\/yoast-seo-wordpress\/ -->\n<title>Our Team - Neuropsychiatric Research Center of Southwest Florida<\/title>\n<meta name=\"robots\" content=\"index, follow, max-snippet:-1, max-image-preview:large, max-video-preview:-1\" \/>\n<link rel=\"canonical\" href=\"https:\/\/nprc-swfl.com\/es\/about\/our-team-2\/\" \/>\n<meta property=\"og:locale\" content=\"es_MX\" \/>\n<meta property=\"og:type\" content=\"article\" \/>\n<meta property=\"og:title\" content=\"Our Team - Neuropsychiatric Research Center of Southwest Florida\" \/>\n<meta property=\"og:description\" content=\"Our Team John Huffaker, DNP, FNP-C Principal Investigator Read Bio Jennifer A. Springer, M.D. Principal Investigator Read Bio Mark Brody, M.D., C.P.I. Clinical Therapeutic Lead Read Bio\" \/>\n<meta property=\"og:url\" content=\"https:\/\/nprc-swfl.com\/es\/about\/our-team-2\/\" \/>\n<meta property=\"og:site_name\" content=\"Neuropsychiatric Research Center of Southwest Florida\" \/>\n<meta property=\"article:modified_time\" content=\"2025-10-14T17:21:55+00:00\" \/>\n<meta property=\"og:image\" content=\"https:\/\/nprc-swfl.com\/wp-content\/uploads\/2024\/09\/John-Huffaker-768x1024.png\" \/>\n\t<meta property=\"og:image:width\" content=\"768\" \/>\n\t<meta property=\"og:image:height\" content=\"1024\" \/>\n\t<meta property=\"og:image:type\" content=\"image\/png\" \/>\n<meta name=\"twitter:card\" content=\"summary_large_image\" \/>\n<meta name=\"twitter:label1\" content=\"Tiempo de lectura\" \/>\n\t<meta name=\"twitter:data1\" content=\"1 minuto\" \/>\n<script type=\"application\/ld+json\" class=\"yoast-schema-graph\">{\"@context\":\"https:\\\/\\\/schema.org\",\"@graph\":[{\"@type\":\"WebPage\",\"@id\":\"https:\\\/\\\/nprc-swfl.com\\\/about\\\/our-team-2\\\/\",\"url\":\"https:\\\/\\\/nprc-swfl.com\\\/about\\\/our-team-2\\\/\",\"name\":\"Our Team - Neuropsychiatric Research Center of Southwest Florida\",\"isPartOf\":{\"@id\":\"https:\\\/\\\/nprc-swfl.com\\\/#website\"},\"primaryImageOfPage\":{\"@id\":\"https:\\\/\\\/nprc-swfl.com\\\/about\\\/our-team-2\\\/#primaryimage\"},\"image\":{\"@id\":\"https:\\\/\\\/nprc-swfl.com\\\/about\\\/our-team-2\\\/#primaryimage\"},\"thumbnailUrl\":\"https:\\\/\\\/nprc-swfl.com\\\/wp-content\\\/uploads\\\/2024\\\/09\\\/John-Huffaker-768x1024.png\",\"datePublished\":\"2025-02-12T16:27:27+00:00\",\"dateModified\":\"2025-10-14T17:21:55+00:00\",\"breadcrumb\":{\"@id\":\"https:\\\/\\\/nprc-swfl.com\\\/about\\\/our-team-2\\\/#breadcrumb\"},\"inLanguage\":\"es\",\"potentialAction\":[{\"@type\":\"ReadAction\",\"target\":[\"https:\\\/\\\/nprc-swfl.com\\\/about\\\/our-team-2\\\/\"]}]},{\"@type\":\"ImageObject\",\"inLanguage\":\"es\",\"@id\":\"https:\\\/\\\/nprc-swfl.com\\\/about\\\/our-team-2\\\/#primaryimage\",\"url\":\"https:\\\/\\\/nprc-swfl.com\\\/wp-content\\\/uploads\\\/2024\\\/09\\\/John-Huffaker-768x1024.png\",\"contentUrl\":\"https:\\\/\\\/nprc-swfl.com\\\/wp-content\\\/uploads\\\/2024\\\/09\\\/John-Huffaker-768x1024.png\"},{\"@type\":\"BreadcrumbList\",\"@id\":\"https:\\\/\\\/nprc-swfl.com\\\/about\\\/our-team-2\\\/#breadcrumb\",\"itemListElement\":[{\"@type\":\"ListItem\",\"position\":1,\"name\":\"Home\",\"item\":\"https:\\\/\\\/nprc-swfl.com\\\/\"},{\"@type\":\"ListItem\",\"position\":2,\"name\":\"About Neuropsychiatric Research Center of Southwest Florida\",\"item\":\"https:\\\/\\\/nprc-swfl.com\\\/about\\\/\"},{\"@type\":\"ListItem\",\"position\":3,\"name\":\"Our Team\"}]},{\"@type\":\"WebSite\",\"@id\":\"https:\\\/\\\/nprc-swfl.com\\\/#website\",\"url\":\"https:\\\/\\\/nprc-swfl.com\\\/\",\"name\":\"Neuropsychiatric Research Center of Southwest Florida\",\"description\":\"Alzheimer\u2019s Clinical research in Fort Myers, FL\",\"publisher\":{\"@id\":\"https:\\\/\\\/nprc-swfl.com\\\/#organization\"},\"potentialAction\":[{\"@type\":\"SearchAction\",\"target\":{\"@type\":\"EntryPoint\",\"urlTemplate\":\"https:\\\/\\\/nprc-swfl.com\\\/?s={search_term_string}\"},\"query-input\":{\"@type\":\"PropertyValueSpecification\",\"valueRequired\":true,\"valueName\":\"search_term_string\"}}],\"inLanguage\":\"es\"},{\"@type\":\"Organization\",\"@id\":\"https:\\\/\\\/nprc-swfl.com\\\/#organization\",\"name\":\"Neuropsychiatric Research Center of Southwest Florida\",\"url\":\"https:\\\/\\\/nprc-swfl.com\\\/\",\"logo\":{\"@type\":\"ImageObject\",\"inLanguage\":\"es\",\"@id\":\"https:\\\/\\\/nprc-swfl.com\\\/#\\\/schema\\\/logo\\\/image\\\/\",\"url\":\"https:\\\/\\\/nprc-swfl.com\\\/wp-content\\\/uploads\\\/2020\\\/11\\\/NPRC-LOGO.webp\",\"contentUrl\":\"https:\\\/\\\/nprc-swfl.com\\\/wp-content\\\/uploads\\\/2020\\\/11\\\/NPRC-LOGO.webp\",\"width\":709,\"height\":241,\"caption\":\"Neuropsychiatric Research Center of Southwest Florida\"},\"image\":{\"@id\":\"https:\\\/\\\/nprc-swfl.com\\\/#\\\/schema\\\/logo\\\/image\\\/\"}}]}<\/script>\n<!-- \/ Yoast SEO plugin. -->","yoast_head_json":{"title":"Nuestro equipo - Centro de Investigaci\u00f3n Neuropsiqui\u00e1trica del Suroeste de Florida","robots":{"index":"index","follow":"follow","max-snippet":"max-snippet:-1","max-image-preview":"max-image-preview:large","max-video-preview":"max-video-preview:-1"},"canonical":"https:\/\/nprc-swfl.com\/es\/about\/our-team-2\/","og_locale":"es_MX","og_type":"article","og_title":"Our Team - Neuropsychiatric Research Center of Southwest Florida","og_description":"Our Team John Huffaker, DNP, FNP-C Principal Investigator Read Bio Jennifer A. Springer, M.D. Principal Investigator Read Bio Mark Brody, M.D., C.P.I. Clinical Therapeutic Lead Read Bio","og_url":"https:\/\/nprc-swfl.com\/es\/about\/our-team-2\/","og_site_name":"Neuropsychiatric Research Center of Southwest Florida","article_modified_time":"2025-10-14T17:21:55+00:00","og_image":[{"width":768,"height":1024,"url":"https:\/\/nprc-swfl.com\/wp-content\/uploads\/2024\/09\/John-Huffaker-768x1024.png","type":"image\/png"}],"twitter_card":"summary_large_image","twitter_misc":{"Tiempo de lectura":"1 minuto"},"schema":{"@context":"https:\/\/schema.org","@graph":[{"@type":"WebPage","@id":"https:\/\/nprc-swfl.com\/about\/our-team-2\/","url":"https:\/\/nprc-swfl.com\/about\/our-team-2\/","name":"Nuestro equipo - Centro de Investigaci\u00f3n Neuropsiqui\u00e1trica del Suroeste de Florida","isPartOf":{"@id":"https:\/\/nprc-swfl.com\/#website"},"primaryImageOfPage":{"@id":"https:\/\/nprc-swfl.com\/about\/our-team-2\/#primaryimage"},"image":{"@id":"https:\/\/nprc-swfl.com\/about\/our-team-2\/#primaryimage"},"thumbnailUrl":"https:\/\/nprc-swfl.com\/wp-content\/uploads\/2024\/09\/John-Huffaker-768x1024.png","datePublished":"2025-02-12T16:27:27+00:00","dateModified":"2025-10-14T17:21:55+00:00","breadcrumb":{"@id":"https:\/\/nprc-swfl.com\/about\/our-team-2\/#breadcrumb"},"inLanguage":"es","potentialAction":[{"@type":"ReadAction","target":["https:\/\/nprc-swfl.com\/about\/our-team-2\/"]}]},{"@type":"ImageObject","inLanguage":"es","@id":"https:\/\/nprc-swfl.com\/about\/our-team-2\/#primaryimage","url":"https:\/\/nprc-swfl.com\/wp-content\/uploads\/2024\/09\/John-Huffaker-768x1024.png","contentUrl":"https:\/\/nprc-swfl.com\/wp-content\/uploads\/2024\/09\/John-Huffaker-768x1024.png"},{"@type":"BreadcrumbList","@id":"https:\/\/nprc-swfl.com\/about\/our-team-2\/#breadcrumb","itemListElement":[{"@type":"ListItem","position":1,"name":"Home","item":"https:\/\/nprc-swfl.com\/"},{"@type":"ListItem","position":2,"name":"About Neuropsychiatric Research Center of Southwest Florida","item":"https:\/\/nprc-swfl.com\/about\/"},{"@type":"ListItem","position":3,"name":"Our Team"}]},{"@type":"WebSite","@id":"https:\/\/nprc-swfl.com\/#website","url":"https:\/\/nprc-swfl.com\/","name":"Centro de Investigaci\u00f3n Neuropsiqui\u00e1trica del Suroeste de Florida","description":"Investigaci\u00f3n cl\u00ednica sobre el Alzheimer en Fort Myers, Florida","publisher":{"@id":"https:\/\/nprc-swfl.com\/#organization"},"potentialAction":[{"@type":"SearchAction","target":{"@type":"EntryPoint","urlTemplate":"https:\/\/nprc-swfl.com\/?s={search_term_string}"},"query-input":{"@type":"PropertyValueSpecification","valueRequired":true,"valueName":"search_term_string"}}],"inLanguage":"es"},{"@type":"Organization","@id":"https:\/\/nprc-swfl.com\/#organization","name":"Centro de Investigaci\u00f3n Neuropsiqui\u00e1trica del Suroeste de Florida","url":"https:\/\/nprc-swfl.com\/","logo":{"@type":"ImageObject","inLanguage":"es","@id":"https:\/\/nprc-swfl.com\/#\/schema\/logo\/image\/","url":"https:\/\/nprc-swfl.com\/wp-content\/uploads\/2020\/11\/NPRC-LOGO.webp","contentUrl":"https:\/\/nprc-swfl.com\/wp-content\/uploads\/2020\/11\/NPRC-LOGO.webp","width":709,"height":241,"caption":"Neuropsychiatric Research Center of Southwest Florida"},"image":{"@id":"https:\/\/nprc-swfl.com\/#\/schema\/logo\/image\/"}}]}},"_links":{"self":[{"href":"https:\/\/nprc-swfl.com\/es\/wp-json\/wp\/v2\/pages\/1002","targetHints":{"allow":["GET"]}}],"collection":[{"href":"https:\/\/nprc-swfl.com\/es\/wp-json\/wp\/v2\/pages"}],"about":[{"href":"https:\/\/nprc-swfl.com\/es\/wp-json\/wp\/v2\/types\/page"}],"author":[{"embeddable":true,"href":"https:\/\/nprc-swfl.com\/es\/wp-json\/wp\/v2\/users\/9"}],"replies":[{"embeddable":true,"href":"https:\/\/nprc-swfl.com\/es\/wp-json\/wp\/v2\/comments?post=1002"}],"version-history":[{"count":0,"href":"https:\/\/nprc-swfl.com\/es\/wp-json\/wp\/v2\/pages\/1002\/revisions"}],"up":[{"embeddable":true,"href":"https:\/\/nprc-swfl.com\/es\/wp-json\/wp\/v2\/pages\/16"}],"wp:attachment":[{"href":"https:\/\/nprc-swfl.com\/es\/wp-json\/wp\/v2\/media?parent=1002"}],"curies":[{"name":"gracias","href":"https:\/\/api.w.org\/{rel}","templated":true}]}}